{"id":1161,"date":"2019-09-18T15:50:38","date_gmt":"2019-09-18T13:50:38","guid":{"rendered":"http:\/\/camulvini.com\/familie-tonon\/"},"modified":"2021-09-22T15:45:12","modified_gmt":"2021-09-22T13:45:12","slug":"familie-tonon","status":"publish","type":"page","link":"https:\/\/camulvini.com\/de\/familie-tonon\/","title":{"rendered":"Familie Tonon"},"content":{"rendered":"\t\t<div data-elementor-type=\"wp-post\" data-elementor-id=\"1161\" class=\"elementor elementor-1161 elementor-55\" data-elementor-post-type=\"page\">\n\t\t\t\t\t\t<section class=\"elementor-section elementor-top-section elementor-element elementor-element-088f502 elementor-section-full_width elementor-section-height-full elementor-section-height-default elementor-section-items-middle\" data-id=\"088f502\" data-element_type=\"section\" data-e-type=\"section\" data-settings=\"{&quot;background_background&quot;:&quot;classic&quot;}\">\n\t\t\t\t\t\t\t<div class=\"elementor-background-overlay\"><\/div>\n\t\t\t\t\t\t\t<div class=\"elementor-container elementor-column-gap-default\">\n\t\t\t\t\t<div class=\"elementor-column elementor-col-100 elementor-top-column elementor-element elementor-element-9982c66 elementor-invisible\" data-id=\"9982c66\" data-element_type=\"column\" data-e-type=\"column\" data-settings=\"{&quot;background_background&quot;:&quot;classic&quot;,&quot;animation&quot;:&quot;fadeInLeft&quot;}\">\n\t\t\t<div class=\"elementor-widget-wrap elementor-element-populated\">\n\t\t\t\t\t\t<section class=\"elementor-section elementor-inner-section elementor-element elementor-element-fed6d02 elementor-section-boxed elementor-section-height-default elementor-section-height-default\" data-id=\"fed6d02\" data-element_type=\"section\" data-e-type=\"section\" data-settings=\"{&quot;background_background&quot;:&quot;classic&quot;}\">\n\t\t\t\t\t\t<div class=\"elementor-container elementor-column-gap-default\">\n\t\t\t\t\t<div class=\"elementor-column elementor-col-100 elementor-inner-column elementor-element elementor-element-0b6b0eb\" data-id=\"0b6b0eb\" data-element_type=\"column\" data-e-type=\"column\" data-settings=\"{&quot;background_background&quot;:&quot;classic&quot;}\">\n\t\t\t<div class=\"elementor-widget-wrap elementor-element-populated\">\n\t\t\t\t\t\t<div class=\"elementor-element elementor-element-d0ac068 elementor-widget elementor-widget-heading\" data-id=\"d0ac068\" data-element_type=\"widget\" data-e-type=\"widget\" data-widget_type=\"heading.default\">\n\t\t\t\t<div class=\"elementor-widget-container\">\n\t\t\t\t\t<h2 class=\"elementor-heading-title elementor-size-default\">Familie Tonon<\/h2>\t\t\t\t<\/div>\n\t\t\t\t<\/div>\n\t\t\t\t<div class=\"elementor-element elementor-element-e8e3274 elementor-widget elementor-widget-text-editor\" data-id=\"e8e3274\" data-element_type=\"widget\" data-e-type=\"widget\" data-widget_type=\"text-editor.default\">\n\t\t\t\t<div class=\"elementor-widget-container\">\n\t\t\t\t\t\t\t\t\t<p>Das Unternehmen wurde 1936 von Pietro Tonon gegr\u00fcndet, dessen Wissen und Erfahrung von der Familie Tonon bereits seit drei Generationen weitergegeben wird.<br \/>\nDer Name Cam\u00fal leitet sich von einem kleinen St\u00fcck Land in der h\u00fcgeligen Gegend von Carpesica in der N\u00e4he von Vittorio Veneto (TV) ab, wo die urspr\u00fcngliche Familie seit Anfang des 20. Jahrhunderts Qualit\u00e4tstrauben anbaute.<br \/>\nDas Weingut ist in der Lage, den erreichten Qualit\u00e4tsstandard nicht nur aufrechtzuerhalten, sondern durch die Verbesserung der Produktionstechnologien kontinuierlich weiterzuentwickeln und dadurch neue Geschmackserlebnisse zu kreieren.<br \/>\nBis heute sind die von Loris Tonon und seinen Mitarbeitern modern ausgebauten Weine das Aush\u00e4ngeschild des Unternehmens und ein begehrtes Nischenprodukt.<br \/>\nDas Unternehmen ist Mitglied des Konsortiums zum Schutz des Prosecco di Conegliano-Valdobbiadene D.O.C.G<\/p>\n\t\t\t\t\t\t\t\t<\/div>\n\t\t\t\t<\/div>\n\t\t\t\t\t<\/div>\n\t\t<\/div>\n\t\t\t\t\t<\/div>\n\t\t<\/section>\n\t\t\t\t\t<\/div>\n\t\t<\/div>\n\t\t\t\t\t<\/div>\n\t\t<\/section>\n\t\t\t\t<\/div>\n\t\t","protected":false},"excerpt":{"rendered":"<p>Das Unternehmen wurde 1936 von Pietro Tonon gegr\u00fcndet, dessen Wissen und Erfahrung von der Familie Tonon bereits seit drei Generationen weitergegeben wird. Der Name Cam\u00fal leitet sich von einem kleinen St\u00fcck Land in der h\u00fcgeligen Gegend von Carpesica in der N\u00e4he von Vittorio Veneto (TV) ab, wo die urspr\u00fcngliche Familie seit Anfang des 20. Jahrhunderts [&hellip;]<\/p>\n","protected":false},"author":1,"featured_media":0,"parent":0,"menu_order":0,"comment_status":"closed","ping_status":"closed","template":"elementor_header_footer","meta":{"ocean_post_layout":"","ocean_both_sidebars_style":"","ocean_both_sidebars_content_width":0,"ocean_both_sidebars_sidebars_width":0,"ocean_sidebar":"0","ocean_second_sidebar":"0","ocean_disable_margins":"enable","ocean_add_body_class":"","ocean_shortcode_before_top_bar":"","ocean_shortcode_after_top_bar":"","ocean_shortcode_before_header":"","ocean_shortcode_after_header":"","ocean_has_shortcode":"","ocean_shortcode_after_title":"","ocean_shortcode_before_footer_widgets":"","ocean_shortcode_after_footer_widgets":"","ocean_shortcode_before_footer_bottom":"","ocean_shortcode_after_footer_bottom":"","ocean_display_top_bar":"default","ocean_display_header":"default","ocean_header_style":"","ocean_center_header_left_menu":"0","ocean_custom_header_template":"0","ocean_custom_logo":0,"ocean_custom_retina_logo":0,"ocean_custom_logo_max_width":0,"ocean_custom_logo_tablet_max_width":0,"ocean_custom_logo_mobile_max_width":0,"ocean_custom_logo_max_height":0,"ocean_custom_logo_tablet_max_height":0,"ocean_custom_logo_mobile_max_height":0,"ocean_header_custom_menu":"0","ocean_menu_typo_font_family":"0","ocean_menu_typo_font_subset":"","ocean_menu_typo_font_size":0,"ocean_menu_typo_font_size_tablet":0,"ocean_menu_typo_font_size_mobile":0,"ocean_menu_typo_font_size_unit":"px","ocean_menu_typo_font_weight":"","ocean_menu_typo_font_weight_tablet":"","ocean_menu_typo_font_weight_mobile":"","ocean_menu_typo_transform":"","ocean_menu_typo_transform_tablet":"","ocean_menu_typo_transform_mobile":"","ocean_menu_typo_line_height":0,"ocean_menu_typo_line_height_tablet":0,"ocean_menu_typo_line_height_mobile":0,"ocean_menu_typo_line_height_unit":"","ocean_menu_typo_spacing":0,"ocean_menu_typo_spacing_tablet":0,"ocean_menu_typo_spacing_mobile":0,"ocean_menu_typo_spacing_unit":"","ocean_menu_link_color":"","ocean_menu_link_color_hover":"","ocean_menu_link_color_active":"","ocean_menu_link_background":"","ocean_menu_link_hover_background":"","ocean_menu_link_active_background":"","ocean_menu_social_links_bg":"","ocean_menu_social_hover_links_bg":"","ocean_menu_social_links_color":"","ocean_menu_social_hover_links_color":"","ocean_disable_title":"on","ocean_disable_heading":"default","ocean_post_title":"","ocean_post_subheading":"","ocean_post_title_style":"","ocean_post_title_background_color":"","ocean_post_title_background":0,"ocean_post_title_bg_image_position":"","ocean_post_title_bg_image_attachment":"","ocean_post_title_bg_image_repeat":"","ocean_post_title_bg_image_size":"","ocean_post_title_height":0,"ocean_post_title_bg_overlay":0.5,"ocean_post_title_bg_overlay_color":"","ocean_disable_breadcrumbs":"default","ocean_breadcrumbs_color":"","ocean_breadcrumbs_separator_color":"","ocean_breadcrumbs_links_color":"","ocean_breadcrumbs_links_hover_color":"","ocean_display_footer_widgets":"default","ocean_display_footer_bottom":"default","ocean_custom_footer_template":"0","footnotes":""},"class_list":["post-1161","page","type-page","status-publish","hentry","entry"],"yoast_head":"<!-- This site is optimized with the Yoast SEO plugin v27.3 - https:\/\/yoast.com\/product\/yoast-seo-wordpress\/ -->\n<title>Cam\u00fal Weine - Tonon Familie<\/title>\n<meta name=\"description\" content=\"Cam\u00fal-Weinnische und hochwertige Produkte der Familie Tonon, die auf eine fast 100-j\u00e4hrige Weintradition zur\u00fcckblicken\" \/>\n<meta name=\"robots\" content=\"index, follow, max-snippet:-1, max-image-preview:large, max-video-preview:-1\" \/>\n<link rel=\"canonical\" href=\"https:\/\/camulvini.com\/de\/familie-tonon\/\" \/>\n<meta property=\"og:locale\" content=\"de_DE\" \/>\n<meta property=\"og:type\" content=\"article\" \/>\n<meta property=\"og:title\" content=\"Cam\u00fal Weine - Tonon Familie\" \/>\n<meta property=\"og:description\" content=\"Cam\u00fal-Weinnische und hochwertige Produkte der Familie Tonon, die auf eine fast 100-j\u00e4hrige Weintradition zur\u00fcckblicken\" \/>\n<meta property=\"og:url\" content=\"https:\/\/camulvini.com\/de\/familie-tonon\/\" \/>\n<meta property=\"og:site_name\" content=\"Cam\u00fal\" \/>\n<meta property=\"article:modified_time\" content=\"2021-09-22T13:45:12+00:00\" \/>\n<meta name=\"twitter:card\" content=\"summary_large_image\" \/>\n<meta name=\"twitter:label1\" content=\"Gesch\u00e4tzte Lesezeit\" \/>\n\t<meta name=\"twitter:data1\" content=\"1\u00a0Minute\" \/>\n<script type=\"application\/ld+json\" class=\"yoast-schema-graph\">{\"@context\":\"https:\\\/\\\/schema.org\",\"@graph\":[{\"@type\":\"WebPage\",\"@id\":\"https:\\\/\\\/camulvini.com\\\/de\\\/familie-tonon\\\/\",\"url\":\"https:\\\/\\\/camulvini.com\\\/de\\\/familie-tonon\\\/\",\"name\":\"Cam\u00fal Weine - Tonon Familie\",\"isPartOf\":{\"@id\":\"https:\\\/\\\/camulvini.com\\\/#website\"},\"datePublished\":\"2019-09-18T13:50:38+00:00\",\"dateModified\":\"2021-09-22T13:45:12+00:00\",\"description\":\"Cam\u00fal-Weinnische und hochwertige Produkte der Familie Tonon, die auf eine fast 100-j\u00e4hrige Weintradition zur\u00fcckblicken\",\"breadcrumb\":{\"@id\":\"https:\\\/\\\/camulvini.com\\\/de\\\/familie-tonon\\\/#breadcrumb\"},\"inLanguage\":\"de\",\"potentialAction\":[{\"@type\":\"ReadAction\",\"target\":[\"https:\\\/\\\/camulvini.com\\\/de\\\/familie-tonon\\\/\"]}]},{\"@type\":\"BreadcrumbList\",\"@id\":\"https:\\\/\\\/camulvini.com\\\/de\\\/familie-tonon\\\/#breadcrumb\",\"itemListElement\":[{\"@type\":\"ListItem\",\"position\":1,\"name\":\"Home\",\"item\":\"https:\\\/\\\/camulvini.com\\\/\"},{\"@type\":\"ListItem\",\"position\":2,\"name\":\"Familie Tonon\"}]},{\"@type\":\"WebSite\",\"@id\":\"https:\\\/\\\/camulvini.com\\\/#website\",\"url\":\"https:\\\/\\\/camulvini.com\\\/\",\"name\":\"Cam\u00fal\",\"description\":\"\",\"publisher\":{\"@id\":\"https:\\\/\\\/camulvini.com\\\/#organization\"},\"potentialAction\":[{\"@type\":\"SearchAction\",\"target\":{\"@type\":\"EntryPoint\",\"urlTemplate\":\"https:\\\/\\\/camulvini.com\\\/?s={search_term_string}\"},\"query-input\":{\"@type\":\"PropertyValueSpecification\",\"valueRequired\":true,\"valueName\":\"search_term_string\"}}],\"inLanguage\":\"de\"},{\"@type\":\"Organization\",\"@id\":\"https:\\\/\\\/camulvini.com\\\/#organization\",\"name\":\"Cam\u00fal\",\"url\":\"https:\\\/\\\/camulvini.com\\\/\",\"logo\":{\"@type\":\"ImageObject\",\"inLanguage\":\"de\",\"@id\":\"https:\\\/\\\/camulvini.com\\\/#\\\/schema\\\/logo\\\/image\\\/\",\"url\":\"https:\\\/\\\/camulvini.com\\\/wp-content\\\/uploads\\\/2019\\\/03\\\/cropped-logo.png\",\"contentUrl\":\"https:\\\/\\\/camulvini.com\\\/wp-content\\\/uploads\\\/2019\\\/03\\\/cropped-logo.png\",\"width\":239,\"height\":80,\"caption\":\"Cam\u00fal\"},\"image\":{\"@id\":\"https:\\\/\\\/camulvini.com\\\/#\\\/schema\\\/logo\\\/image\\\/\"}}]}<\/script>\n<!-- \/ Yoast SEO plugin. -->","yoast_head_json":{"title":"Cam\u00fal Weine - Tonon Familie","description":"Cam\u00fal-Weinnische und hochwertige Produkte der Familie Tonon, die auf eine fast 100-j\u00e4hrige Weintradition zur\u00fcckblicken","robots":{"index":"index","follow":"follow","max-snippet":"max-snippet:-1","max-image-preview":"max-image-preview:large","max-video-preview":"max-video-preview:-1"},"canonical":"https:\/\/camulvini.com\/de\/familie-tonon\/","og_locale":"de_DE","og_type":"article","og_title":"Cam\u00fal Weine - Tonon Familie","og_description":"Cam\u00fal-Weinnische und hochwertige Produkte der Familie Tonon, die auf eine fast 100-j\u00e4hrige Weintradition zur\u00fcckblicken","og_url":"https:\/\/camulvini.com\/de\/familie-tonon\/","og_site_name":"Cam\u00fal","article_modified_time":"2021-09-22T13:45:12+00:00","twitter_card":"summary_large_image","twitter_misc":{"Gesch\u00e4tzte Lesezeit":"1\u00a0Minute"},"schema":{"@context":"https:\/\/schema.org","@graph":[{"@type":"WebPage","@id":"https:\/\/camulvini.com\/de\/familie-tonon\/","url":"https:\/\/camulvini.com\/de\/familie-tonon\/","name":"Cam\u00fal Weine - Tonon Familie","isPartOf":{"@id":"https:\/\/camulvini.com\/#website"},"datePublished":"2019-09-18T13:50:38+00:00","dateModified":"2021-09-22T13:45:12+00:00","description":"Cam\u00fal-Weinnische und hochwertige Produkte der Familie Tonon, die auf eine fast 100-j\u00e4hrige Weintradition zur\u00fcckblicken","breadcrumb":{"@id":"https:\/\/camulvini.com\/de\/familie-tonon\/#breadcrumb"},"inLanguage":"de","potentialAction":[{"@type":"ReadAction","target":["https:\/\/camulvini.com\/de\/familie-tonon\/"]}]},{"@type":"BreadcrumbList","@id":"https:\/\/camulvini.com\/de\/familie-tonon\/#breadcrumb","itemListElement":[{"@type":"ListItem","position":1,"name":"Home","item":"https:\/\/camulvini.com\/"},{"@type":"ListItem","position":2,"name":"Familie Tonon"}]},{"@type":"WebSite","@id":"https:\/\/camulvini.com\/#website","url":"https:\/\/camulvini.com\/","name":"Cam\u00fal","description":"","publisher":{"@id":"https:\/\/camulvini.com\/#organization"},"potentialAction":[{"@type":"SearchAction","target":{"@type":"EntryPoint","urlTemplate":"https:\/\/camulvini.com\/?s={search_term_string}"},"query-input":{"@type":"PropertyValueSpecification","valueRequired":true,"valueName":"search_term_string"}}],"inLanguage":"de"},{"@type":"Organization","@id":"https:\/\/camulvini.com\/#organization","name":"Cam\u00fal","url":"https:\/\/camulvini.com\/","logo":{"@type":"ImageObject","inLanguage":"de","@id":"https:\/\/camulvini.com\/#\/schema\/logo\/image\/","url":"https:\/\/camulvini.com\/wp-content\/uploads\/2019\/03\/cropped-logo.png","contentUrl":"https:\/\/camulvini.com\/wp-content\/uploads\/2019\/03\/cropped-logo.png","width":239,"height":80,"caption":"Cam\u00fal"},"image":{"@id":"https:\/\/camulvini.com\/#\/schema\/logo\/image\/"}}]}},"_links":{"self":[{"href":"https:\/\/camulvini.com\/de\/wp-json\/wp\/v2\/pages\/1161","targetHints":{"allow":["GET"]}}],"collection":[{"href":"https:\/\/camulvini.com\/de\/wp-json\/wp\/v2\/pages"}],"about":[{"href":"https:\/\/camulvini.com\/de\/wp-json\/wp\/v2\/types\/page"}],"author":[{"embeddable":true,"href":"https:\/\/camulvini.com\/de\/wp-json\/wp\/v2\/users\/1"}],"replies":[{"embeddable":true,"href":"https:\/\/camulvini.com\/de\/wp-json\/wp\/v2\/comments?post=1161"}],"version-history":[{"count":4,"href":"https:\/\/camulvini.com\/de\/wp-json\/wp\/v2\/pages\/1161\/revisions"}],"predecessor-version":[{"id":2815,"href":"https:\/\/camulvini.com\/de\/wp-json\/wp\/v2\/pages\/1161\/revisions\/2815"}],"wp:attachment":[{"href":"https:\/\/camulvini.com\/de\/wp-json\/wp\/v2\/media?parent=1161"}],"curies":[{"name":"wp","href":"https:\/\/api.w.org\/{rel}","templated":true}]}}