{"id":1165,"date":"2019-09-18T15:54:04","date_gmt":"2019-09-18T13:54:04","guid":{"rendered":"http:\/\/camulvini.com\/unser-fasskeller\/"},"modified":"2020-08-27T10:53:29","modified_gmt":"2020-08-27T08:53:29","slug":"unser-fasskeller","status":"publish","type":"page","link":"https:\/\/camulvini.com\/de\/unser-fasskeller\/","title":{"rendered":"Unser Fasskeller"},"content":{"rendered":"\t\t<div data-elementor-type=\"wp-post\" data-elementor-id=\"1165\" class=\"elementor elementor-1165 elementor-108\" data-elementor-post-type=\"page\">\n\t\t\t\t\t\t<section class=\"elementor-section elementor-top-section elementor-element elementor-element-ea48056 elementor-section-full_width elementor-section-height-full elementor-section-height-default elementor-section-items-middle\" data-id=\"ea48056\" data-element_type=\"section\" data-e-type=\"section\" data-settings=\"{&quot;background_background&quot;:&quot;classic&quot;}\">\n\t\t\t\t\t\t\t<div class=\"elementor-background-overlay\"><\/div>\n\t\t\t\t\t\t\t<div class=\"elementor-container elementor-column-gap-default\">\n\t\t\t\t\t<div class=\"elementor-column elementor-col-100 elementor-top-column elementor-element elementor-element-4a75668 elementor-invisible\" data-id=\"4a75668\" data-element_type=\"column\" data-e-type=\"column\" data-settings=\"{&quot;background_background&quot;:&quot;classic&quot;,&quot;animation&quot;:&quot;fadeInLeft&quot;}\">\n\t\t\t<div class=\"elementor-widget-wrap elementor-element-populated\">\n\t\t\t\t\t\t<section class=\"elementor-section elementor-inner-section elementor-element elementor-element-3f6a59c elementor-section-boxed elementor-section-height-default elementor-section-height-default\" data-id=\"3f6a59c\" data-element_type=\"section\" data-e-type=\"section\">\n\t\t\t\t\t\t<div class=\"elementor-container elementor-column-gap-default\">\n\t\t\t\t\t<div class=\"elementor-column elementor-col-100 elementor-inner-column elementor-element elementor-element-2a501a0\" data-id=\"2a501a0\" data-element_type=\"column\" data-e-type=\"column\" data-settings=\"{&quot;background_background&quot;:&quot;classic&quot;}\">\n\t\t\t<div class=\"elementor-widget-wrap elementor-element-populated\">\n\t\t\t\t\t\t<div class=\"elementor-element elementor-element-86a23a4 elementor-widget elementor-widget-heading\" data-id=\"86a23a4\" data-element_type=\"widget\" data-e-type=\"widget\" data-widget_type=\"heading.default\">\n\t\t\t\t<div class=\"elementor-widget-container\">\n\t\t\t\t\t<h2 class=\"elementor-heading-title elementor-size-default\">Unser Fasskeller<\/h2>\t\t\t\t<\/div>\n\t\t\t\t<\/div>\n\t\t\t\t<div class=\"elementor-element elementor-element-eb59aa7 elementor-widget elementor-widget-text-editor\" data-id=\"eb59aa7\" data-element_type=\"widget\" data-e-type=\"widget\" data-widget_type=\"text-editor.default\">\n\t\t\t\t<div class=\"elementor-widget-container\">\n\t\t\t\t\t\t\t\t\t<p>Wein ist ein empfindliches und sich st\u00e4ndig weiterentwickelndes Produkt, weshalb die Funktion des Weinkellers f\u00fcr ein ausgezeichnetes Endprodukt entscheidend ist. Um Produkte von h\u00f6chster Qualit\u00e4t liefern zu k\u00f6nnen, haben wir unseren Weinkeller bis ins kleinste Detail entworfen.<br \/>\nDie gereiften Weine der Cam\u00fal-Linie sind das Ergebnis einer sorgf\u00e4ltigen Veredelung in unserem historischen Fasskeller, der aus Eichenf\u00e4ssern mit 225 Litern, 500 Litern und 750-1000 Litern (Barrique, Tonneau, Holzf\u00e4sser) besteht.<br \/>\nZur pr\u00e4zisen Nachbildung nat\u00fcrlicher Umgebungsbedingungen haben wir eine temperatur- und feuchtigkeitsgesteuerte Klimaanlage installiert.<br \/>\nW\u00e4hrend des Veredelungsprozesses in den F\u00e4ssern gibt das Holz Aromastoffe an den Wein ab, die f\u00fcr den Geschmack und Geruch des Endprodukts wesentlich sind.<br \/>\nJe nach Traubensorte, Qualit\u00e4t und Jahrgangseigenschaften dauert die Veredelung 6 bis 24 Monate.<\/p>\n\t\t\t\t\t\t\t\t<\/div>\n\t\t\t\t<\/div>\n\t\t\t\t\t<\/div>\n\t\t<\/div>\n\t\t\t\t\t<\/div>\n\t\t<\/section>\n\t\t\t\t\t<\/div>\n\t\t<\/div>\n\t\t\t\t\t<\/div>\n\t\t<\/section>\n\t\t\t\t<\/div>\n\t\t","protected":false},"excerpt":{"rendered":"<p>Wein ist ein empfindliches und sich st\u00e4ndig weiterentwickelndes Produkt, weshalb die Funktion des Weinkellers f\u00fcr ein ausgezeichnetes Endprodukt entscheidend ist. Um Produkte von h\u00f6chster Qualit\u00e4t liefern zu k\u00f6nnen, haben wir unseren Weinkeller bis ins kleinste Detail entworfen. Die gereiften Weine der Cam\u00fal-Linie sind das Ergebnis einer sorgf\u00e4ltigen Veredelung in unserem historischen Fasskeller, der aus Eichenf\u00e4ssern [&hellip;]<\/p>\n","protected":false},"author":1,"featured_media":0,"parent":0,"menu_order":0,"comment_status":"closed","ping_status":"closed","template":"elementor_header_footer","meta":{"ocean_post_layout":"","ocean_both_sidebars_style":"","ocean_both_sidebars_content_width":0,"ocean_both_sidebars_sidebars_width":0,"ocean_sidebar":"0","ocean_second_sidebar":"0","ocean_disable_margins":"enable","ocean_add_body_class":"","ocean_shortcode_before_top_bar":"","ocean_shortcode_after_top_bar":"","ocean_shortcode_before_header":"","ocean_shortcode_after_header":"","ocean_has_shortcode":"","ocean_shortcode_after_title":"","ocean_shortcode_before_footer_widgets":"","ocean_shortcode_after_footer_widgets":"","ocean_shortcode_before_footer_bottom":"","ocean_shortcode_after_footer_bottom":"","ocean_display_top_bar":"default","ocean_display_header":"default","ocean_header_style":"","ocean_center_header_left_menu":"0","ocean_custom_header_template":"0","ocean_custom_logo":0,"ocean_custom_retina_logo":0,"ocean_custom_logo_max_width":0,"ocean_custom_logo_tablet_max_width":0,"ocean_custom_logo_mobile_max_width":0,"ocean_custom_logo_max_height":0,"ocean_custom_logo_tablet_max_height":0,"ocean_custom_logo_mobile_max_height":0,"ocean_header_custom_menu":"0","ocean_menu_typo_font_family":"0","ocean_menu_typo_font_subset":"","ocean_menu_typo_font_size":0,"ocean_menu_typo_font_size_tablet":0,"ocean_menu_typo_font_size_mobile":0,"ocean_menu_typo_font_size_unit":"px","ocean_menu_typo_font_weight":"","ocean_menu_typo_font_weight_tablet":"","ocean_menu_typo_font_weight_mobile":"","ocean_menu_typo_transform":"","ocean_menu_typo_transform_tablet":"","ocean_menu_typo_transform_mobile":"","ocean_menu_typo_line_height":0,"ocean_menu_typo_line_height_tablet":0,"ocean_menu_typo_line_height_mobile":0,"ocean_menu_typo_line_height_unit":"","ocean_menu_typo_spacing":0,"ocean_menu_typo_spacing_tablet":0,"ocean_menu_typo_spacing_mobile":0,"ocean_menu_typo_spacing_unit":"","ocean_menu_link_color":"","ocean_menu_link_color_hover":"","ocean_menu_link_color_active":"","ocean_menu_link_background":"","ocean_menu_link_hover_background":"","ocean_menu_link_active_background":"","ocean_menu_social_links_bg":"","ocean_menu_social_hover_links_bg":"","ocean_menu_social_links_color":"","ocean_menu_social_hover_links_color":"","ocean_disable_title":"on","ocean_disable_heading":"default","ocean_post_title":"","ocean_post_subheading":"","ocean_post_title_style":"","ocean_post_title_background_color":"","ocean_post_title_background":0,"ocean_post_title_bg_image_position":"","ocean_post_title_bg_image_attachment":"","ocean_post_title_bg_image_repeat":"","ocean_post_title_bg_image_size":"","ocean_post_title_height":0,"ocean_post_title_bg_overlay":0.5,"ocean_post_title_bg_overlay_color":"","ocean_disable_breadcrumbs":"default","ocean_breadcrumbs_color":"","ocean_breadcrumbs_separator_color":"","ocean_breadcrumbs_links_color":"","ocean_breadcrumbs_links_hover_color":"","ocean_display_footer_widgets":"default","ocean_display_footer_bottom":"default","ocean_custom_footer_template":"0","footnotes":""},"class_list":["post-1165","page","type-page","status-publish","hentry","entry"],"yoast_head":"<!-- This site is optimized with the Yoast SEO plugin v27.3 - https:\/\/yoast.com\/product\/yoast-seo-wordpress\/ -->\n<title>Cam\u00fal Weine - Fass gereifter Wein - Unser Fass<\/title>\n<meta name=\"description\" content=\"Die Cam\u00fal-Weine sind das Ergebnis einer sorgf\u00e4ltigen Verfeinerung in unserem Keller, der aus Eichenf\u00e4ssern von 225 Litern, 500 Litern und 750-1000 Litern besteht\" \/>\n<meta name=\"robots\" content=\"index, follow, max-snippet:-1, max-image-preview:large, max-video-preview:-1\" \/>\n<link rel=\"canonical\" href=\"https:\/\/camulvini.com\/de\/unser-fasskeller\/\" \/>\n<meta property=\"og:locale\" content=\"de_DE\" \/>\n<meta property=\"og:type\" content=\"article\" \/>\n<meta property=\"og:title\" content=\"Cam\u00fal Weine - Fass gereifter Wein - Unser Fass\" \/>\n<meta property=\"og:description\" content=\"Die Cam\u00fal-Weine sind das Ergebnis einer sorgf\u00e4ltigen Verfeinerung in unserem Keller, der aus Eichenf\u00e4ssern von 225 Litern, 500 Litern und 750-1000 Litern besteht\" \/>\n<meta property=\"og:url\" content=\"https:\/\/camulvini.com\/de\/unser-fasskeller\/\" \/>\n<meta property=\"og:site_name\" content=\"Cam\u00fal\" \/>\n<meta property=\"article:modified_time\" content=\"2020-08-27T08:53:29+00:00\" \/>\n<meta name=\"twitter:card\" content=\"summary_large_image\" \/>\n<meta name=\"twitter:label1\" content=\"Gesch\u00e4tzte Lesezeit\" \/>\n\t<meta name=\"twitter:data1\" content=\"1\u00a0Minute\" \/>\n<script type=\"application\/ld+json\" class=\"yoast-schema-graph\">{\"@context\":\"https:\\\/\\\/schema.org\",\"@graph\":[{\"@type\":\"WebPage\",\"@id\":\"https:\\\/\\\/camulvini.com\\\/de\\\/unser-fasskeller\\\/\",\"url\":\"https:\\\/\\\/camulvini.com\\\/de\\\/unser-fasskeller\\\/\",\"name\":\"Cam\u00fal Weine - Fass gereifter Wein - Unser Fass\",\"isPartOf\":{\"@id\":\"https:\\\/\\\/camulvini.com\\\/#website\"},\"datePublished\":\"2019-09-18T13:54:04+00:00\",\"dateModified\":\"2020-08-27T08:53:29+00:00\",\"description\":\"Die Cam\u00fal-Weine sind das Ergebnis einer sorgf\u00e4ltigen Verfeinerung in unserem Keller, der aus Eichenf\u00e4ssern von 225 Litern, 500 Litern und 750-1000 Litern besteht\",\"breadcrumb\":{\"@id\":\"https:\\\/\\\/camulvini.com\\\/de\\\/unser-fasskeller\\\/#breadcrumb\"},\"inLanguage\":\"de\",\"potentialAction\":[{\"@type\":\"ReadAction\",\"target\":[\"https:\\\/\\\/camulvini.com\\\/de\\\/unser-fasskeller\\\/\"]}]},{\"@type\":\"BreadcrumbList\",\"@id\":\"https:\\\/\\\/camulvini.com\\\/de\\\/unser-fasskeller\\\/#breadcrumb\",\"itemListElement\":[{\"@type\":\"ListItem\",\"position\":1,\"name\":\"Home\",\"item\":\"https:\\\/\\\/camulvini.com\\\/\"},{\"@type\":\"ListItem\",\"position\":2,\"name\":\"Unser Fasskeller\"}]},{\"@type\":\"WebSite\",\"@id\":\"https:\\\/\\\/camulvini.com\\\/#website\",\"url\":\"https:\\\/\\\/camulvini.com\\\/\",\"name\":\"Cam\u00fal\",\"description\":\"\",\"publisher\":{\"@id\":\"https:\\\/\\\/camulvini.com\\\/#organization\"},\"potentialAction\":[{\"@type\":\"SearchAction\",\"target\":{\"@type\":\"EntryPoint\",\"urlTemplate\":\"https:\\\/\\\/camulvini.com\\\/?s={search_term_string}\"},\"query-input\":{\"@type\":\"PropertyValueSpecification\",\"valueRequired\":true,\"valueName\":\"search_term_string\"}}],\"inLanguage\":\"de\"},{\"@type\":\"Organization\",\"@id\":\"https:\\\/\\\/camulvini.com\\\/#organization\",\"name\":\"Cam\u00fal\",\"url\":\"https:\\\/\\\/camulvini.com\\\/\",\"logo\":{\"@type\":\"ImageObject\",\"inLanguage\":\"de\",\"@id\":\"https:\\\/\\\/camulvini.com\\\/#\\\/schema\\\/logo\\\/image\\\/\",\"url\":\"https:\\\/\\\/camulvini.com\\\/wp-content\\\/uploads\\\/2019\\\/03\\\/cropped-logo.png\",\"contentUrl\":\"https:\\\/\\\/camulvini.com\\\/wp-content\\\/uploads\\\/2019\\\/03\\\/cropped-logo.png\",\"width\":239,\"height\":80,\"caption\":\"Cam\u00fal\"},\"image\":{\"@id\":\"https:\\\/\\\/camulvini.com\\\/#\\\/schema\\\/logo\\\/image\\\/\"}}]}<\/script>\n<!-- \/ Yoast SEO plugin. -->","yoast_head_json":{"title":"Cam\u00fal Weine - Fass gereifter Wein - Unser Fass","description":"Die Cam\u00fal-Weine sind das Ergebnis einer sorgf\u00e4ltigen Verfeinerung in unserem Keller, der aus Eichenf\u00e4ssern von 225 Litern, 500 Litern und 750-1000 Litern besteht","robots":{"index":"index","follow":"follow","max-snippet":"max-snippet:-1","max-image-preview":"max-image-preview:large","max-video-preview":"max-video-preview:-1"},"canonical":"https:\/\/camulvini.com\/de\/unser-fasskeller\/","og_locale":"de_DE","og_type":"article","og_title":"Cam\u00fal Weine - Fass gereifter Wein - Unser Fass","og_description":"Die Cam\u00fal-Weine sind das Ergebnis einer sorgf\u00e4ltigen Verfeinerung in unserem Keller, der aus Eichenf\u00e4ssern von 225 Litern, 500 Litern und 750-1000 Litern besteht","og_url":"https:\/\/camulvini.com\/de\/unser-fasskeller\/","og_site_name":"Cam\u00fal","article_modified_time":"2020-08-27T08:53:29+00:00","twitter_card":"summary_large_image","twitter_misc":{"Gesch\u00e4tzte Lesezeit":"1\u00a0Minute"},"schema":{"@context":"https:\/\/schema.org","@graph":[{"@type":"WebPage","@id":"https:\/\/camulvini.com\/de\/unser-fasskeller\/","url":"https:\/\/camulvini.com\/de\/unser-fasskeller\/","name":"Cam\u00fal Weine - Fass gereifter Wein - Unser Fass","isPartOf":{"@id":"https:\/\/camulvini.com\/#website"},"datePublished":"2019-09-18T13:54:04+00:00","dateModified":"2020-08-27T08:53:29+00:00","description":"Die Cam\u00fal-Weine sind das Ergebnis einer sorgf\u00e4ltigen Verfeinerung in unserem Keller, der aus Eichenf\u00e4ssern von 225 Litern, 500 Litern und 750-1000 Litern besteht","breadcrumb":{"@id":"https:\/\/camulvini.com\/de\/unser-fasskeller\/#breadcrumb"},"inLanguage":"de","potentialAction":[{"@type":"ReadAction","target":["https:\/\/camulvini.com\/de\/unser-fasskeller\/"]}]},{"@type":"BreadcrumbList","@id":"https:\/\/camulvini.com\/de\/unser-fasskeller\/#breadcrumb","itemListElement":[{"@type":"ListItem","position":1,"name":"Home","item":"https:\/\/camulvini.com\/"},{"@type":"ListItem","position":2,"name":"Unser Fasskeller"}]},{"@type":"WebSite","@id":"https:\/\/camulvini.com\/#website","url":"https:\/\/camulvini.com\/","name":"Cam\u00fal","description":"","publisher":{"@id":"https:\/\/camulvini.com\/#organization"},"potentialAction":[{"@type":"SearchAction","target":{"@type":"EntryPoint","urlTemplate":"https:\/\/camulvini.com\/?s={search_term_string}"},"query-input":{"@type":"PropertyValueSpecification","valueRequired":true,"valueName":"search_term_string"}}],"inLanguage":"de"},{"@type":"Organization","@id":"https:\/\/camulvini.com\/#organization","name":"Cam\u00fal","url":"https:\/\/camulvini.com\/","logo":{"@type":"ImageObject","inLanguage":"de","@id":"https:\/\/camulvini.com\/#\/schema\/logo\/image\/","url":"https:\/\/camulvini.com\/wp-content\/uploads\/2019\/03\/cropped-logo.png","contentUrl":"https:\/\/camulvini.com\/wp-content\/uploads\/2019\/03\/cropped-logo.png","width":239,"height":80,"caption":"Cam\u00fal"},"image":{"@id":"https:\/\/camulvini.com\/#\/schema\/logo\/image\/"}}]}},"_links":{"self":[{"href":"https:\/\/camulvini.com\/de\/wp-json\/wp\/v2\/pages\/1165","targetHints":{"allow":["GET"]}}],"collection":[{"href":"https:\/\/camulvini.com\/de\/wp-json\/wp\/v2\/pages"}],"about":[{"href":"https:\/\/camulvini.com\/de\/wp-json\/wp\/v2\/types\/page"}],"author":[{"embeddable":true,"href":"https:\/\/camulvini.com\/de\/wp-json\/wp\/v2\/users\/1"}],"replies":[{"embeddable":true,"href":"https:\/\/camulvini.com\/de\/wp-json\/wp\/v2\/comments?post=1165"}],"version-history":[{"count":3,"href":"https:\/\/camulvini.com\/de\/wp-json\/wp\/v2\/pages\/1165\/revisions"}],"predecessor-version":[{"id":1640,"href":"https:\/\/camulvini.com\/de\/wp-json\/wp\/v2\/pages\/1165\/revisions\/1640"}],"wp:attachment":[{"href":"https:\/\/camulvini.com\/de\/wp-json\/wp\/v2\/media?parent=1165"}],"curies":[{"name":"wp","href":"https:\/\/api.w.org\/{rel}","templated":true}]}}