{"id":1169,"date":"2019-09-18T15:56:01","date_gmt":"2019-09-18T13:56:01","guid":{"rendered":"http:\/\/camulvini.com\/unsere-region\/"},"modified":"2020-08-27T10:54:21","modified_gmt":"2020-08-27T08:54:21","slug":"unsere-region","status":"publish","type":"page","link":"https:\/\/camulvini.com\/de\/unsere-region\/","title":{"rendered":"Unsere Region"},"content":{"rendered":"\t\t<div data-elementor-type=\"wp-post\" data-elementor-id=\"1169\" class=\"elementor elementor-1169 elementor-103\" data-elementor-post-type=\"page\">\n\t\t\t\t\t\t<section class=\"elementor-section elementor-top-section elementor-element elementor-element-c9a4940 elementor-section-full_width elementor-section-height-full elementor-section-height-default elementor-section-items-middle\" data-id=\"c9a4940\" data-element_type=\"section\" data-e-type=\"section\" data-settings=\"{&quot;background_background&quot;:&quot;classic&quot;}\">\n\t\t\t\t\t\t\t<div class=\"elementor-background-overlay\"><\/div>\n\t\t\t\t\t\t\t<div class=\"elementor-container elementor-column-gap-default\">\n\t\t\t\t\t<div class=\"elementor-column elementor-col-100 elementor-top-column elementor-element elementor-element-430319e animated-slow elementor-invisible\" data-id=\"430319e\" data-element_type=\"column\" data-e-type=\"column\" data-settings=\"{&quot;background_background&quot;:&quot;gradient&quot;,&quot;animation&quot;:&quot;fadeInLeft&quot;}\">\n\t\t\t<div class=\"elementor-widget-wrap elementor-element-populated\">\n\t\t\t\t\t\t<section class=\"elementor-section elementor-inner-section elementor-element elementor-element-4f4f43e elementor-section-boxed elementor-section-height-default elementor-section-height-default\" data-id=\"4f4f43e\" data-element_type=\"section\" data-e-type=\"section\">\n\t\t\t\t\t\t<div class=\"elementor-container elementor-column-gap-default\">\n\t\t\t\t\t<div class=\"elementor-column elementor-col-100 elementor-inner-column elementor-element elementor-element-057000c\" data-id=\"057000c\" data-element_type=\"column\" data-e-type=\"column\" data-settings=\"{&quot;background_background&quot;:&quot;classic&quot;}\">\n\t\t\t<div class=\"elementor-widget-wrap elementor-element-populated\">\n\t\t\t\t\t\t<div class=\"elementor-element elementor-element-7079a1f elementor-widget elementor-widget-heading\" data-id=\"7079a1f\" data-element_type=\"widget\" data-e-type=\"widget\" data-widget_type=\"heading.default\">\n\t\t\t\t<div class=\"elementor-widget-container\">\n\t\t\t\t\t<h2 class=\"elementor-heading-title elementor-size-default\">Unsere Region<\/h2>\t\t\t\t<\/div>\n\t\t\t\t<\/div>\n\t\t\t\t<div class=\"elementor-element elementor-element-c4f1812 elementor-widget elementor-widget-text-editor\" data-id=\"c4f1812\" data-element_type=\"widget\" data-e-type=\"widget\" data-widget_type=\"text-editor.default\">\n\t\t\t\t<div class=\"elementor-widget-container\">\n\t\t\t\t\t\t\t\t\t<p>Das Unternehmen Vini Tonon, Inhaber der Marke Cam\u00fal, ist in Vittorio Veneto ans\u00e4ssig, in einer strategischen Gegend des Triveneto (drei Venetien), unweit von faszinierenden St\u00e4dten wie Venedig, Cortina und Verona.<br \/>\nUnd in diesem geografischen Kontext erhebt sich das Familienunternehmen Vini Tonon als Protagonist auf den sanften H\u00fcgeln inmitten des Prosecco-DOCG-Gebiets von Valdobbiadene und Conegliano.<br \/>\nVittorio Veneto ist eine dynamische und produktive Stadt, die im vorigen Jahrhundert aus dem Zusammenschluss der St\u00e4dtchen Ceneda und Serravalle entstand.<br \/>\nNach ihrer Eroberung durch die R\u00f6mer, Langobarden und Reichsbisch\u00f6fe kamen diese beiden St\u00e4dte unter die Herrschaft der Serenissima (Republik Venedig). Danach gelangten sie unter \u00f6sterreichische Herrschaft und wurden 1844 zu einer Stadt zusammengeschlossen, die am 27. September 1866 zu Ehren des K\u00f6nigs Vittorio Emanuele II den Namen \u201eVittorio\u201c und 1923 den Namen \u201eVittorio Veneto\u201c erhielt.<br \/>\nHier wurde an der italienischen Front jene Schlacht ausgetragen, die den Ersten Weltkrieg beendete.<\/p>\n\t\t\t\t\t\t\t\t<\/div>\n\t\t\t\t<\/div>\n\t\t\t\t\t<\/div>\n\t\t<\/div>\n\t\t\t\t\t<\/div>\n\t\t<\/section>\n\t\t\t\t\t<\/div>\n\t\t<\/div>\n\t\t\t\t\t<\/div>\n\t\t<\/section>\n\t\t\t\t<\/div>\n\t\t","protected":false},"excerpt":{"rendered":"<p>Das Unternehmen Vini Tonon, Inhaber der Marke Cam\u00fal, ist in Vittorio Veneto ans\u00e4ssig, in einer strategischen Gegend des Triveneto (drei Venetien), unweit von faszinierenden St\u00e4dten wie Venedig, Cortina und Verona. Und in diesem geografischen Kontext erhebt sich das Familienunternehmen Vini Tonon als Protagonist auf den sanften H\u00fcgeln inmitten des Prosecco-DOCG-Gebiets von Valdobbiadene und Conegliano. Vittorio [&hellip;]<\/p>\n","protected":false},"author":1,"featured_media":0,"parent":0,"menu_order":0,"comment_status":"closed","ping_status":"closed","template":"elementor_header_footer","meta":{"ocean_post_layout":"","ocean_both_sidebars_style":"","ocean_both_sidebars_content_width":0,"ocean_both_sidebars_sidebars_width":0,"ocean_sidebar":"0","ocean_second_sidebar":"0","ocean_disable_margins":"enable","ocean_add_body_class":"","ocean_shortcode_before_top_bar":"","ocean_shortcode_after_top_bar":"","ocean_shortcode_before_header":"","ocean_shortcode_after_header":"","ocean_has_shortcode":"","ocean_shortcode_after_title":"","ocean_shortcode_before_footer_widgets":"","ocean_shortcode_after_footer_widgets":"","ocean_shortcode_before_footer_bottom":"","ocean_shortcode_after_footer_bottom":"","ocean_display_top_bar":"default","ocean_display_header":"default","ocean_header_style":"","ocean_center_header_left_menu":"0","ocean_custom_header_template":"0","ocean_custom_logo":0,"ocean_custom_retina_logo":0,"ocean_custom_logo_max_width":0,"ocean_custom_logo_tablet_max_width":0,"ocean_custom_logo_mobile_max_width":0,"ocean_custom_logo_max_height":0,"ocean_custom_logo_tablet_max_height":0,"ocean_custom_logo_mobile_max_height":0,"ocean_header_custom_menu":"0","ocean_menu_typo_font_family":"0","ocean_menu_typo_font_subset":"","ocean_menu_typo_font_size":0,"ocean_menu_typo_font_size_tablet":0,"ocean_menu_typo_font_size_mobile":0,"ocean_menu_typo_font_size_unit":"px","ocean_menu_typo_font_weight":"","ocean_menu_typo_font_weight_tablet":"","ocean_menu_typo_font_weight_mobile":"","ocean_menu_typo_transform":"","ocean_menu_typo_transform_tablet":"","ocean_menu_typo_transform_mobile":"","ocean_menu_typo_line_height":0,"ocean_menu_typo_line_height_tablet":0,"ocean_menu_typo_line_height_mobile":0,"ocean_menu_typo_line_height_unit":"","ocean_menu_typo_spacing":0,"ocean_menu_typo_spacing_tablet":0,"ocean_menu_typo_spacing_mobile":0,"ocean_menu_typo_spacing_unit":"","ocean_menu_link_color":"","ocean_menu_link_color_hover":"","ocean_menu_link_color_active":"","ocean_menu_link_background":"","ocean_menu_link_hover_background":"","ocean_menu_link_active_background":"","ocean_menu_social_links_bg":"","ocean_menu_social_hover_links_bg":"","ocean_menu_social_links_color":"","ocean_menu_social_hover_links_color":"","ocean_disable_title":"on","ocean_disable_heading":"default","ocean_post_title":"","ocean_post_subheading":"","ocean_post_title_style":"","ocean_post_title_background_color":"","ocean_post_title_background":0,"ocean_post_title_bg_image_position":"","ocean_post_title_bg_image_attachment":"","ocean_post_title_bg_image_repeat":"","ocean_post_title_bg_image_size":"","ocean_post_title_height":0,"ocean_post_title_bg_overlay":0.5,"ocean_post_title_bg_overlay_color":"","ocean_disable_breadcrumbs":"default","ocean_breadcrumbs_color":"","ocean_breadcrumbs_separator_color":"","ocean_breadcrumbs_links_color":"","ocean_breadcrumbs_links_hover_color":"","ocean_display_footer_widgets":"default","ocean_display_footer_bottom":"default","ocean_custom_footer_template":"0","footnotes":""},"class_list":["post-1169","page","type-page","status-publish","hentry","entry"],"yoast_head":"<!-- This site is optimized with the Yoast SEO plugin v27.3 - https:\/\/yoast.com\/product\/yoast-seo-wordpress\/ -->\n<title>Vini Cam\u00fal \u2013 Unsere Region<\/title>\n<meta name=\"description\" content=\"Ein weltweit einzigartiges Mikroklima und akribische und innovative Herstellungstechniken, die von Vini Cam\u00fal-Produkten nach qualifizierten, integrierten Standards hergestellt werden\" \/>\n<meta name=\"robots\" content=\"index, follow, max-snippet:-1, max-image-preview:large, max-video-preview:-1\" \/>\n<link rel=\"canonical\" href=\"https:\/\/camulvini.com\/de\/unsere-region\/\" \/>\n<meta property=\"og:locale\" content=\"de_DE\" \/>\n<meta property=\"og:type\" content=\"article\" \/>\n<meta property=\"og:title\" content=\"Vini Cam\u00fal \u2013 Unsere Region\" \/>\n<meta property=\"og:description\" content=\"Ein weltweit einzigartiges Mikroklima und akribische und innovative Herstellungstechniken, die von Vini Cam\u00fal-Produkten nach qualifizierten, integrierten Standards hergestellt werden\" \/>\n<meta property=\"og:url\" content=\"https:\/\/camulvini.com\/de\/unsere-region\/\" \/>\n<meta property=\"og:site_name\" content=\"Cam\u00fal\" \/>\n<meta property=\"article:modified_time\" content=\"2020-08-27T08:54:21+00:00\" \/>\n<meta name=\"twitter:card\" content=\"summary_large_image\" \/>\n<meta name=\"twitter:label1\" content=\"Gesch\u00e4tzte Lesezeit\" \/>\n\t<meta name=\"twitter:data1\" content=\"1\u00a0Minute\" \/>\n<script type=\"application\/ld+json\" class=\"yoast-schema-graph\">{\"@context\":\"https:\\\/\\\/schema.org\",\"@graph\":[{\"@type\":\"WebPage\",\"@id\":\"https:\\\/\\\/camulvini.com\\\/de\\\/unsere-region\\\/\",\"url\":\"https:\\\/\\\/camulvini.com\\\/de\\\/unsere-region\\\/\",\"name\":\"Vini Cam\u00fal \u2013 Unsere Region\",\"isPartOf\":{\"@id\":\"https:\\\/\\\/camulvini.com\\\/#website\"},\"datePublished\":\"2019-09-18T13:56:01+00:00\",\"dateModified\":\"2020-08-27T08:54:21+00:00\",\"description\":\"Ein weltweit einzigartiges Mikroklima und akribische und innovative Herstellungstechniken, die von Vini Cam\u00fal-Produkten nach qualifizierten, integrierten Standards hergestellt werden\",\"breadcrumb\":{\"@id\":\"https:\\\/\\\/camulvini.com\\\/de\\\/unsere-region\\\/#breadcrumb\"},\"inLanguage\":\"de\",\"potentialAction\":[{\"@type\":\"ReadAction\",\"target\":[\"https:\\\/\\\/camulvini.com\\\/de\\\/unsere-region\\\/\"]}]},{\"@type\":\"BreadcrumbList\",\"@id\":\"https:\\\/\\\/camulvini.com\\\/de\\\/unsere-region\\\/#breadcrumb\",\"itemListElement\":[{\"@type\":\"ListItem\",\"position\":1,\"name\":\"Home\",\"item\":\"https:\\\/\\\/camulvini.com\\\/\"},{\"@type\":\"ListItem\",\"position\":2,\"name\":\"Unsere Region\"}]},{\"@type\":\"WebSite\",\"@id\":\"https:\\\/\\\/camulvini.com\\\/#website\",\"url\":\"https:\\\/\\\/camulvini.com\\\/\",\"name\":\"Cam\u00fal\",\"description\":\"\",\"publisher\":{\"@id\":\"https:\\\/\\\/camulvini.com\\\/#organization\"},\"potentialAction\":[{\"@type\":\"SearchAction\",\"target\":{\"@type\":\"EntryPoint\",\"urlTemplate\":\"https:\\\/\\\/camulvini.com\\\/?s={search_term_string}\"},\"query-input\":{\"@type\":\"PropertyValueSpecification\",\"valueRequired\":true,\"valueName\":\"search_term_string\"}}],\"inLanguage\":\"de\"},{\"@type\":\"Organization\",\"@id\":\"https:\\\/\\\/camulvini.com\\\/#organization\",\"name\":\"Cam\u00fal\",\"url\":\"https:\\\/\\\/camulvini.com\\\/\",\"logo\":{\"@type\":\"ImageObject\",\"inLanguage\":\"de\",\"@id\":\"https:\\\/\\\/camulvini.com\\\/#\\\/schema\\\/logo\\\/image\\\/\",\"url\":\"https:\\\/\\\/camulvini.com\\\/wp-content\\\/uploads\\\/2019\\\/03\\\/cropped-logo.png\",\"contentUrl\":\"https:\\\/\\\/camulvini.com\\\/wp-content\\\/uploads\\\/2019\\\/03\\\/cropped-logo.png\",\"width\":239,\"height\":80,\"caption\":\"Cam\u00fal\"},\"image\":{\"@id\":\"https:\\\/\\\/camulvini.com\\\/#\\\/schema\\\/logo\\\/image\\\/\"}}]}<\/script>\n<!-- \/ Yoast SEO plugin. -->","yoast_head_json":{"title":"Vini Cam\u00fal \u2013 Unsere Region","description":"Ein weltweit einzigartiges Mikroklima und akribische und innovative Herstellungstechniken, die von Vini Cam\u00fal-Produkten nach qualifizierten, integrierten Standards hergestellt werden","robots":{"index":"index","follow":"follow","max-snippet":"max-snippet:-1","max-image-preview":"max-image-preview:large","max-video-preview":"max-video-preview:-1"},"canonical":"https:\/\/camulvini.com\/de\/unsere-region\/","og_locale":"de_DE","og_type":"article","og_title":"Vini Cam\u00fal \u2013 Unsere Region","og_description":"Ein weltweit einzigartiges Mikroklima und akribische und innovative Herstellungstechniken, die von Vini Cam\u00fal-Produkten nach qualifizierten, integrierten Standards hergestellt werden","og_url":"https:\/\/camulvini.com\/de\/unsere-region\/","og_site_name":"Cam\u00fal","article_modified_time":"2020-08-27T08:54:21+00:00","twitter_card":"summary_large_image","twitter_misc":{"Gesch\u00e4tzte Lesezeit":"1\u00a0Minute"},"schema":{"@context":"https:\/\/schema.org","@graph":[{"@type":"WebPage","@id":"https:\/\/camulvini.com\/de\/unsere-region\/","url":"https:\/\/camulvini.com\/de\/unsere-region\/","name":"Vini Cam\u00fal \u2013 Unsere Region","isPartOf":{"@id":"https:\/\/camulvini.com\/#website"},"datePublished":"2019-09-18T13:56:01+00:00","dateModified":"2020-08-27T08:54:21+00:00","description":"Ein weltweit einzigartiges Mikroklima und akribische und innovative Herstellungstechniken, die von Vini Cam\u00fal-Produkten nach qualifizierten, integrierten Standards hergestellt werden","breadcrumb":{"@id":"https:\/\/camulvini.com\/de\/unsere-region\/#breadcrumb"},"inLanguage":"de","potentialAction":[{"@type":"ReadAction","target":["https:\/\/camulvini.com\/de\/unsere-region\/"]}]},{"@type":"BreadcrumbList","@id":"https:\/\/camulvini.com\/de\/unsere-region\/#breadcrumb","itemListElement":[{"@type":"ListItem","position":1,"name":"Home","item":"https:\/\/camulvini.com\/"},{"@type":"ListItem","position":2,"name":"Unsere Region"}]},{"@type":"WebSite","@id":"https:\/\/camulvini.com\/#website","url":"https:\/\/camulvini.com\/","name":"Cam\u00fal","description":"","publisher":{"@id":"https:\/\/camulvini.com\/#organization"},"potentialAction":[{"@type":"SearchAction","target":{"@type":"EntryPoint","urlTemplate":"https:\/\/camulvini.com\/?s={search_term_string}"},"query-input":{"@type":"PropertyValueSpecification","valueRequired":true,"valueName":"search_term_string"}}],"inLanguage":"de"},{"@type":"Organization","@id":"https:\/\/camulvini.com\/#organization","name":"Cam\u00fal","url":"https:\/\/camulvini.com\/","logo":{"@type":"ImageObject","inLanguage":"de","@id":"https:\/\/camulvini.com\/#\/schema\/logo\/image\/","url":"https:\/\/camulvini.com\/wp-content\/uploads\/2019\/03\/cropped-logo.png","contentUrl":"https:\/\/camulvini.com\/wp-content\/uploads\/2019\/03\/cropped-logo.png","width":239,"height":80,"caption":"Cam\u00fal"},"image":{"@id":"https:\/\/camulvini.com\/#\/schema\/logo\/image\/"}}]}},"_links":{"self":[{"href":"https:\/\/camulvini.com\/de\/wp-json\/wp\/v2\/pages\/1169","targetHints":{"allow":["GET"]}}],"collection":[{"href":"https:\/\/camulvini.com\/de\/wp-json\/wp\/v2\/pages"}],"about":[{"href":"https:\/\/camulvini.com\/de\/wp-json\/wp\/v2\/types\/page"}],"author":[{"embeddable":true,"href":"https:\/\/camulvini.com\/de\/wp-json\/wp\/v2\/users\/1"}],"replies":[{"embeddable":true,"href":"https:\/\/camulvini.com\/de\/wp-json\/wp\/v2\/comments?post=1169"}],"version-history":[{"count":3,"href":"https:\/\/camulvini.com\/de\/wp-json\/wp\/v2\/pages\/1169\/revisions"}],"predecessor-version":[{"id":1641,"href":"https:\/\/camulvini.com\/de\/wp-json\/wp\/v2\/pages\/1169\/revisions\/1641"}],"wp:attachment":[{"href":"https:\/\/camulvini.com\/de\/wp-json\/wp\/v2\/media?parent=1169"}],"curies":[{"name":"wp","href":"https:\/\/api.w.org\/{rel}","templated":true}]}}