{"id":1179,"date":"2019-09-18T16:12:12","date_gmt":"2019-09-18T14:12:12","guid":{"rendered":"http:\/\/camulvini.com\/wegen\/"},"modified":"2020-08-27T10:55:05","modified_gmt":"2020-08-27T08:55:05","slug":"wegen","status":"publish","type":"page","link":"https:\/\/camulvini.com\/de\/wegen\/","title":{"rendered":"Umgebung"},"content":{"rendered":"\t\t<div data-elementor-type=\"wp-post\" data-elementor-id=\"1179\" class=\"elementor elementor-1179 elementor-258\" data-elementor-post-type=\"page\">\n\t\t\t\t\t\t<section class=\"elementor-section elementor-top-section elementor-element elementor-element-85304e7 elementor-section-full_width elementor-section-height-full elementor-section-height-default elementor-section-items-middle\" data-id=\"85304e7\" data-element_type=\"section\" data-e-type=\"section\" data-settings=\"{&quot;background_background&quot;:&quot;classic&quot;}\">\n\t\t\t\t\t\t<div class=\"elementor-container elementor-column-gap-default\">\n\t\t\t\t\t<div class=\"elementor-column elementor-col-50 elementor-top-column elementor-element elementor-element-69bfa04 elementor-invisible\" data-id=\"69bfa04\" data-element_type=\"column\" data-e-type=\"column\" data-settings=\"{&quot;background_background&quot;:&quot;classic&quot;,&quot;animation&quot;:&quot;fadeInLeft&quot;,&quot;animation_delay&quot;:1250}\">\n\t\t\t<div class=\"elementor-widget-wrap elementor-element-populated\">\n\t\t\t\t\t\t<div class=\"elementor-element elementor-element-63019b1 elementor-widget elementor-widget-heading\" data-id=\"63019b1\" data-element_type=\"widget\" data-e-type=\"widget\" data-widget_type=\"heading.default\">\n\t\t\t\t<div class=\"elementor-widget-container\">\n\t\t\t\t\t<h2 class=\"elementor-heading-title elementor-size-default\">Umgebung<\/h2>\t\t\t\t<\/div>\n\t\t\t\t<\/div>\n\t\t\t\t<div class=\"elementor-element elementor-element-9e741f2 elementor-widget elementor-widget-image\" data-id=\"9e741f2\" data-element_type=\"widget\" data-e-type=\"widget\" data-widget_type=\"image.default\">\n\t\t\t\t<div class=\"elementor-widget-container\">\n\t\t\t\t\t\t\t\t\t\t\t\t\t\t\t<img decoding=\"async\" src=\"https:\/\/camulvini.com\/wp-content\/uploads\/elementor\/thumbs\/decorazione-oczacdy0gink3x4pc8o9x9f0roytqlhvw7at82z7nq.png\" title=\"decorazione\" alt=\"decorazione\" loading=\"lazy\" \/>\t\t\t\t\t\t\t\t\t\t\t\t\t\t\t<\/div>\n\t\t\t\t<\/div>\n\t\t\t\t<div class=\"elementor-element elementor-element-02c231f elementor-widget elementor-widget-text-editor\" data-id=\"02c231f\" data-element_type=\"widget\" data-e-type=\"widget\" data-widget_type=\"text-editor.default\">\n\t\t\t\t<div class=\"elementor-widget-container\">\n\t\t\t\t\t\t\t\t\t<p>Vittorio Veneto ist von geschichtstr\u00e4chtigen Orten, Denkm\u00e4lern und tausendj\u00e4hrigen Burgen umgeben. Nachfolgend empfehlen wir Ihnen einige Orte, die einen bedeutenden Einfluss auf unsere Weinproduktion haben.<\/p>\n\t\t\t\t\t\t\t\t<\/div>\n\t\t\t\t<\/div>\n\t\t\t\t\t<\/div>\n\t\t<\/div>\n\t\t\t\t<div class=\"elementor-column elementor-col-50 elementor-top-column elementor-element elementor-element-58ab2f8 elementor-invisible\" data-id=\"58ab2f8\" data-element_type=\"column\" data-e-type=\"column\" data-settings=\"{&quot;background_background&quot;:&quot;classic&quot;,&quot;animation&quot;:&quot;fadeInLeft&quot;,&quot;animation_delay&quot;:1250}\">\n\t\t\t<div class=\"elementor-widget-wrap elementor-element-populated\">\n\t\t\t\t\t\t<div class=\"elementor-element elementor-element-ba354c9 elementor-testimonial--skin-bubble elementor-testimonial--layout-image_above elementor-widget-tablet__width-inherit elementor-widget-mobile__width-inherit elementor-testimonial--align-center elementor-pagination-type-bullets elementor-widget elementor-widget-testimonial-carousel\" data-id=\"ba354c9\" data-element_type=\"widget\" data-e-type=\"widget\" data-settings=\"{&quot;space_between&quot;:{&quot;unit&quot;:&quot;px&quot;,&quot;size&quot;:0,&quot;sizes&quot;:[]},&quot;space_between_mobile&quot;:{&quot;unit&quot;:&quot;px&quot;,&quot;size&quot;:0,&quot;sizes&quot;:[]},&quot;slides_per_view&quot;:&quot;1&quot;,&quot;pagination&quot;:&quot;bullets&quot;,&quot;speed&quot;:500,&quot;autoplay&quot;:&quot;yes&quot;,&quot;autoplay_speed&quot;:5000,&quot;loop&quot;:&quot;yes&quot;,&quot;pause_on_hover&quot;:&quot;yes&quot;,&quot;pause_on_interaction&quot;:&quot;yes&quot;,&quot;space_between_tablet&quot;:{&quot;unit&quot;:&quot;px&quot;,&quot;size&quot;:10,&quot;sizes&quot;:[]}}\" data-widget_type=\"testimonial-carousel.default\">\n\t\t\t\t<div class=\"elementor-widget-container\">\n\t\t\t\t\t\t\t\t\t<div class=\"elementor-swiper\">\n\t\t\t\t\t<div class=\"elementor-main-swiper swiper\" role=\"region\" aria-roledescription=\"carousel\" aria-label=\"Slider\">\n\t\t\t\t<div class=\"swiper-wrapper\">\n\t\t\t\t\t\t\t\t\t\t\t<div class=\"swiper-slide\" role=\"group\" aria-roledescription=\"slide\">\n\t\t\t\t\t\t\t\t\t<div class=\"elementor-testimonial\">\n\t\t\t\t\t\t\t<div class=\"elementor-testimonial__content\">\n\t\t\t\t\t<div class=\"elementor-testimonial__text\">\n\t\t\t\t\t\t<p>Der renommierte Gemeindepalast von Ceneda wurde nach einem Brand im Jahr 1537\/38 nach Pl\u00e4nen und unter der Bauleitung von Jacopo Tatti (\u201eIl Sansovino\" genannt) wieder aufgebaut und die R\u00e4ume wurden von Pomponio Amalteo mit Fresken versehen. Heute beherbergt er das Museum der Schlacht, das eine gro\u00dfe Sammlung an Fundst\u00fccken, Objekten und Dokumenten aus dem Ersten Weltkrieg besitzt.<br \/>\nDie Kathedrale von Vittorio Veneto ist S. Maria Assunta (St. Mari\u00e4 Himmelfahrt) und San Tiziano (hlg. Tizian) geweiht und wurde zwischen 1740 und 1773 nach Pl\u00e4nen des Architekten Ottavio Scotti in neoklassischem Stil erbaut.<\/p>\n\t\t\t\t\t<\/div>\n\t\t\t\t\t\t\t\t\t<\/div>\n\t\t\t\t\t\t<div class=\"elementor-testimonial__footer\">\n\t\t\t\t\t\t\t\t\t<div class=\"elementor-testimonial__image\">\n\t\t\t\t\t\t<img decoding=\"async\" src=\"https:\/\/camulvini.com\/wp-content\/uploads\/2019\/03\/Vittorio-Veneto-Museo-della-Battaglia-Cattedrale.jpg\" alt=\"Vittorio Veneto\">\n\t\t\t\t\t\t\t\t\t\t\t<\/div>\n\t\t\t\t\t\t\t\t<cite class=\"elementor-testimonial__cite\"><span class=\"elementor-testimonial__name\">Vittorio Veneto<\/span><span class=\"elementor-testimonial__title\">Museum der Schlacht - Kathedrale <\/span><\/cite>\t\t\t<\/div>\n\t\t<\/div>\n\t\t\t\t\t\t\t\t<\/div>\n\t\t\t\t\t\t\t\t\t\t\t<div class=\"swiper-slide\" role=\"group\" aria-roledescription=\"slide\">\n\t\t\t\t\t\t\t\t\t<div class=\"elementor-testimonial\">\n\t\t\t\t\t\t\t<div class=\"elementor-testimonial__content\">\n\t\t\t\t\t<div class=\"elementor-testimonial__text\">\n\t\t\t\t\t\t<p>Der politische, b\u00fcrgerliche und religi\u00f6se Mittelpunkt von Serravalle ist die Piazza, ein intaktes Juwel venezianischer Architektur und Produkt der Herrschaft der \u201eSerenissima\u201c (Republik Venedig) ab 1337. Der Marcantonio Flaminio (lateinischer Poet aus Serravalle) gewidmete Platz ist von antiken H\u00e4usern und Geb\u00e4uden umgeben, darunter der Palazzo Minucci De Carlo, die Torre Civica (Turm des Volkes) und die Loggia di Serravalle. Die Loggia beherbergt heute das Museo del Cenedese, ein au\u00dfergew\u00f6hnliches Beispiel der venezianischen Gotik, das arch\u00e4ologische, historische und k\u00fcnstlerische Elemente aufweist, die stark an das antike \"Cenedese\"-Gebiet erinnern.<\/p>\n\t\t\t\t\t<\/div>\n\t\t\t\t\t\t\t\t\t<\/div>\n\t\t\t\t\t\t<div class=\"elementor-testimonial__footer\">\n\t\t\t\t\t\t\t\t\t<div class=\"elementor-testimonial__image\">\n\t\t\t\t\t\t<img decoding=\"async\" src=\"https:\/\/camulvini.com\/wp-content\/uploads\/2019\/03\/VITTORIO-VENETO-PIAZZA-FLAMINIO.jpg\" alt=\"Vittorio Veneto\">\n\t\t\t\t\t\t\t\t\t\t\t<\/div>\n\t\t\t\t\t\t\t\t<cite class=\"elementor-testimonial__cite\"><span class=\"elementor-testimonial__name\">Vittorio Veneto<\/span><span class=\"elementor-testimonial__title\">Museum des Cenedese (Piazza Flaminio) <\/span><\/cite>\t\t\t<\/div>\n\t\t<\/div>\n\t\t\t\t\t\t\t\t<\/div>\n\t\t\t\t\t\t\t\t\t\t\t<div class=\"swiper-slide\" role=\"group\" aria-roledescription=\"slide\">\n\t\t\t\t\t\t\t\t\t<div class=\"elementor-testimonial\">\n\t\t\t\t\t\t\t<div class=\"elementor-testimonial__content\">\n\t\t\t\t\t<div class=\"elementor-testimonial__text\">\n\t\t\t\t\t\t<p>Das Verwaltungs- und Handelszentrum. Erbaut in den Jahren unmittelbar nach dem Zusammenschluss der beiden alten Gemeinden Ceneda und Serravalle im Jahr 1866. Urspr\u00fcnglich Piazza Vittorio Emanuele II und seit dem letzten Konflikt Piazza del Popolo genannt.<br \/>\nDer Platz wird durch das 1872 erbaute Rathaus und das Kriegerdenkmal begrenzt, ein Werk in modernem Stil des Bildhauers Augusto Murer aus Falcade und des Architekten Franco Posocco.<\/p>\n\t\t\t\t\t<\/div>\n\t\t\t\t\t\t\t\t\t<\/div>\n\t\t\t\t\t\t<div class=\"elementor-testimonial__footer\">\n\t\t\t\t\t\t\t\t\t<div class=\"elementor-testimonial__image\">\n\t\t\t\t\t\t<img decoding=\"async\" src=\"https:\/\/camulvini.com\/wp-content\/uploads\/2019\/03\/municipio-VITTORIO-VENETO.jpg\" alt=\"Vittorio Veneto\">\n\t\t\t\t\t\t\t\t\t\t\t<\/div>\n\t\t\t\t\t\t\t\t<cite class=\"elementor-testimonial__cite\"><span class=\"elementor-testimonial__name\">Vittorio Veneto<\/span><span class=\"elementor-testimonial__title\">Rathaus (Piazza del Popolo)<\/span><\/cite>\t\t\t<\/div>\n\t\t<\/div>\n\t\t\t\t\t\t\t\t<\/div>\n\t\t\t\t\t\t\t\t\t\t\t<div class=\"swiper-slide\" role=\"group\" aria-roledescription=\"slide\">\n\t\t\t\t\t\t\t\t\t<div class=\"elementor-testimonial\">\n\t\t\t\t\t\t\t<div class=\"elementor-testimonial__content\">\n\t\t\t\t\t<div class=\"elementor-testimonial__text\">\n\t\t\t\t\t\t<p>Die in Ceneda befindliche Burg S. Martino wurde von den langobardischen Herz\u00f6gen als ihr Wohnsitz erbaut und mit imposanten Befestigungen zu einer milit\u00e4rischen Festung gegen \u00dcberf\u00e4lle aus der Ebene ausgebaut. Die Burg ist seit Ende des 20. Jahrhunderts Bischofssitz.<\/p>\n\t\t\t\t\t<\/div>\n\t\t\t\t\t\t\t\t\t<\/div>\n\t\t\t\t\t\t<div class=\"elementor-testimonial__footer\">\n\t\t\t\t\t\t\t\t\t<div class=\"elementor-testimonial__image\">\n\t\t\t\t\t\t<img decoding=\"async\" src=\"https:\/\/camulvini.com\/wp-content\/uploads\/2019\/03\/CASTELLO-SAN-MARTINO.jpg\" alt=\"Vittorio Veneto\">\n\t\t\t\t\t\t\t\t\t\t\t<\/div>\n\t\t\t\t\t\t\t\t<cite class=\"elementor-testimonial__cite\"><span class=\"elementor-testimonial__name\">Vittorio Veneto<\/span><span class=\"elementor-testimonial__title\">Mittelalterliche Burg S. Martino<\/span><\/cite>\t\t\t<\/div>\n\t\t<\/div>\n\t\t\t\t\t\t\t\t<\/div>\n\t\t\t\t\t\t\t\t\t\t\t<div class=\"swiper-slide\" role=\"group\" aria-roledescription=\"slide\">\n\t\t\t\t\t\t\t\t\t<div class=\"elementor-testimonial\">\n\t\t\t\t\t\t\t<div class=\"elementor-testimonial__content\">\n\t\t\t\t\t<div class=\"elementor-testimonial__text\">\n\t\t\t\t\t\t<p>Die Wallfahrtskirche Santa Augusta (Schutzheilige von Serravalle) erreichen Sie \u00fcber einen durch den Wald f\u00fchrenden Weg in etwa 40 Minuten Gehzeit. Entlang des Weges, der zu einer imposanten Treppe mit 100 Stufen f\u00fchrt, befinden sich Kapellen, die 1630 am Ende einer Pestepidemie errichtet wurden.<br \/>\nDie Aussicht auf die Stadt ist wundersch\u00f6n und die Atmosph\u00e4re in der Wallfahrtskirche eindrucksvoll. Die Tradition besagt, dass es zur Beseitigung von starker Migr\u00e4ne ausreichend ist, den Kopf in das Tor zu stecken, das jene Stelle markiert, an der eine Steinurne die Gebeine der Heiligen verbarg.<\/p>\n\t\t\t\t\t<\/div>\n\t\t\t\t\t\t\t\t\t<\/div>\n\t\t\t\t\t\t<div class=\"elementor-testimonial__footer\">\n\t\t\t\t\t\t\t\t\t<div class=\"elementor-testimonial__image\">\n\t\t\t\t\t\t<img decoding=\"async\" src=\"https:\/\/camulvini.com\/wp-content\/uploads\/2019\/07\/santa-augusta.jpg\" alt=\"Vittorio Veneto\">\n\t\t\t\t\t\t\t\t\t\t\t<\/div>\n\t\t\t\t\t\t\t\t<cite class=\"elementor-testimonial__cite\"><span class=\"elementor-testimonial__name\">Vittorio Veneto<\/span><span class=\"elementor-testimonial__title\">Wallfahrtskirche Santa Augusta<\/span><\/cite>\t\t\t<\/div>\n\t\t<\/div>\n\t\t\t\t\t\t\t\t<\/div>\n\t\t\t\t\t\t\t\t\t\t\t<div class=\"swiper-slide\" role=\"group\" aria-roledescription=\"slide\">\n\t\t\t\t\t\t\t\t\t<div class=\"elementor-testimonial\">\n\t\t\t\t\t\t\t<div class=\"elementor-testimonial__content\">\n\t\t\t\t\t<div class=\"elementor-testimonial__text\">\n\t\t\t\t\t\t<p>Nur wenige Kilometer von Vittorio Veneto entfernt befindet sich Castello Roganzuolo mit seiner monumentalen Kirche St. Peter und Paul aus dem 12. Jahrhundert, das Wahrzeichen dieser kleinen, in unsere gr\u00fcnen H\u00fcgel eingebetteten Stadt.<br \/>\nSie ist auf einem H\u00fcgel gelegen, auf dem sich im Mittelalter das Castello di Reggenza erhob, dessen antiker Turm, der sp\u00e4ter in einen Glockenturm umgewandelt wurde, bis heute bewundert werden kann.<br \/>\nVon hohem geschichtlichen und k\u00fcnstlerischen Wert sind die bis heute erhaltenen Werke bedeutender Renaissancek\u00fcnstler wie Francesco di Milano und Tiziano Vecellio.<\/p>\n\t\t\t\t\t<\/div>\n\t\t\t\t\t\t\t\t\t<\/div>\n\t\t\t\t\t\t<div class=\"elementor-testimonial__footer\">\n\t\t\t\t\t\t\t\t\t<div class=\"elementor-testimonial__image\">\n\t\t\t\t\t\t<img decoding=\"async\" src=\"https:\/\/camulvini.com\/wp-content\/uploads\/2019\/03\/Castello-Roganzuolo-Chiesa-Monumentale-1024x674.jpg\" alt=\"Castello Roganzuolo - Monumentalkirche\">\n\t\t\t\t\t\t\t\t\t\t\t<\/div>\n\t\t\t\t\t\t\t\t<cite class=\"elementor-testimonial__cite\"><span class=\"elementor-testimonial__name\">Castello Roganzuolo - Monumentalkirche<\/span><span class=\"elementor-testimonial__title\">Monumentalkirche<\/span><\/cite>\t\t\t<\/div>\n\t\t<\/div>\n\t\t\t\t\t\t\t\t<\/div>\n\t\t\t\t\t\t\t\t\t<\/div>\n\t\t\t\t\t\t\t\t\t\t\t\t\t\t\t\t\t\t\t\t<div class=\"swiper-pagination\"><\/div>\n\t\t\t\t\t\t\t\t\t\t\t\t<\/div>\n\t\t\t\t<\/div>\n\t\t\t\t\t\t\t\t<\/div>\n\t\t\t\t<\/div>\n\t\t\t\t\t<\/div>\n\t\t<\/div>\n\t\t\t\t\t<\/div>\n\t\t<\/section>\n\t\t\t\t<\/div>\n\t\t","protected":false},"excerpt":{"rendered":"<p>Vittorio Veneto ist von geschichtstr\u00e4chtigen Orten, Denkm\u00e4lern und tausendj\u00e4hrigen Burgen umgeben. Nachfolgend empfehlen wir Ihnen einige Orte, die einen bedeutenden Einfluss auf unsere Weinproduktion haben. Der renommierte Gemeindepalast von Ceneda wurde nach einem Brand im Jahr 1537\/38 nach Pl\u00e4nen und unter der Bauleitung von Jacopo Tatti (\u201eIl Sansovino&#8220; genannt) wieder aufgebaut und die R\u00e4ume wurden [&hellip;]<\/p>\n","protected":false},"author":1,"featured_media":0,"parent":0,"menu_order":0,"comment_status":"closed","ping_status":"closed","template":"elementor_header_footer","meta":{"ocean_post_layout":"","ocean_both_sidebars_style":"","ocean_both_sidebars_content_width":0,"ocean_both_sidebars_sidebars_width":0,"ocean_sidebar":"0","ocean_second_sidebar":"0","ocean_disable_margins":"enable","ocean_add_body_class":"","ocean_shortcode_before_top_bar":"","ocean_shortcode_after_top_bar":"","ocean_shortcode_before_header":"","ocean_shortcode_after_header":"","ocean_has_shortcode":"","ocean_shortcode_after_title":"","ocean_shortcode_before_footer_widgets":"","ocean_shortcode_after_footer_widgets":"","ocean_shortcode_before_footer_bottom":"","ocean_shortcode_after_footer_bottom":"","ocean_display_top_bar":"default","ocean_display_header":"default","ocean_header_style":"","ocean_center_header_left_menu":"0","ocean_custom_header_template":"0","ocean_custom_logo":0,"ocean_custom_retina_logo":0,"ocean_custom_logo_max_width":0,"ocean_custom_logo_tablet_max_width":0,"ocean_custom_logo_mobile_max_width":0,"ocean_custom_logo_max_height":0,"ocean_custom_logo_tablet_max_height":0,"ocean_custom_logo_mobile_max_height":0,"ocean_header_custom_menu":"0","ocean_menu_typo_font_family":"0","ocean_menu_typo_font_subset":"","ocean_menu_typo_font_size":0,"ocean_menu_typo_font_size_tablet":0,"ocean_menu_typo_font_size_mobile":0,"ocean_menu_typo_font_size_unit":"px","ocean_menu_typo_font_weight":"","ocean_menu_typo_font_weight_tablet":"","ocean_menu_typo_font_weight_mobile":"","ocean_menu_typo_transform":"","ocean_menu_typo_transform_tablet":"","ocean_menu_typo_transform_mobile":"","ocean_menu_typo_line_height":0,"ocean_menu_typo_line_height_tablet":0,"ocean_menu_typo_line_height_mobile":0,"ocean_menu_typo_line_height_unit":"","ocean_menu_typo_spacing":0,"ocean_menu_typo_spacing_tablet":0,"ocean_menu_typo_spacing_mobile":0,"ocean_menu_typo_spacing_unit":"","ocean_menu_link_color":"","ocean_menu_link_color_hover":"","ocean_menu_link_color_active":"","ocean_menu_link_background":"","ocean_menu_link_hover_background":"","ocean_menu_link_active_background":"","ocean_menu_social_links_bg":"","ocean_menu_social_hover_links_bg":"","ocean_menu_social_links_color":"","ocean_menu_social_hover_links_color":"","ocean_disable_title":"on","ocean_disable_heading":"default","ocean_post_title":"","ocean_post_subheading":"","ocean_post_title_style":"","ocean_post_title_background_color":"","ocean_post_title_background":0,"ocean_post_title_bg_image_position":"","ocean_post_title_bg_image_attachment":"","ocean_post_title_bg_image_repeat":"","ocean_post_title_bg_image_size":"","ocean_post_title_height":0,"ocean_post_title_bg_overlay":0.5,"ocean_post_title_bg_overlay_color":"","ocean_disable_breadcrumbs":"default","ocean_breadcrumbs_color":"","ocean_breadcrumbs_separator_color":"","ocean_breadcrumbs_links_color":"","ocean_breadcrumbs_links_hover_color":"","ocean_display_footer_widgets":"default","ocean_display_footer_bottom":"default","ocean_custom_footer_template":"0","footnotes":""},"class_list":["post-1179","page","type-page","status-publish","hentry","entry"],"yoast_head":"<!-- This site is optimized with the Yoast SEO plugin v27.4 - https:\/\/yoast.com\/product\/yoast-seo-wordpress\/ -->\n<title>Vini Cam\u00f9l \u2013 Umgebung<\/title>\n<meta name=\"description\" content=\"Die Cam\u00f9l-Weinproduktion hat ihre Wurzeln in einem Gebiet, Vittorio Veneto, das reich an wundersch\u00f6nen Landschaften und Kultur ist\" \/>\n<meta name=\"robots\" content=\"index, follow, max-snippet:-1, max-image-preview:large, max-video-preview:-1\" \/>\n<link rel=\"canonical\" href=\"https:\/\/camulvini.com\/de\/wegen\/\" \/>\n<meta property=\"og:locale\" content=\"de_DE\" \/>\n<meta property=\"og:type\" content=\"article\" \/>\n<meta property=\"og:title\" content=\"Vini Cam\u00f9l \u2013 Umgebung\" \/>\n<meta property=\"og:description\" content=\"Die Cam\u00f9l-Weinproduktion hat ihre Wurzeln in einem Gebiet, Vittorio Veneto, das reich an wundersch\u00f6nen Landschaften und Kultur ist\" \/>\n<meta property=\"og:url\" content=\"https:\/\/camulvini.com\/de\/wegen\/\" \/>\n<meta property=\"og:site_name\" content=\"Cam\u00fal\" \/>\n<meta property=\"article:modified_time\" content=\"2020-08-27T08:55:05+00:00\" \/>\n<meta property=\"og:image\" content=\"http:\/\/camulvini.com\/wp-content\/uploads\/elementor\/thumbs\/decorazione-oczacdy0gink3x4pc8o9x9f0roytqlhvw7at82z7o0.png\" \/>\n<meta name=\"twitter:card\" content=\"summary_large_image\" \/>\n<meta name=\"twitter:label1\" content=\"Gesch\u00e4tzte Lesezeit\" \/>\n\t<meta name=\"twitter:data1\" content=\"3\u00a0Minuten\" \/>\n<script type=\"application\/ld+json\" class=\"yoast-schema-graph\">{\"@context\":\"https:\\\/\\\/schema.org\",\"@graph\":[{\"@type\":\"WebPage\",\"@id\":\"https:\\\/\\\/camulvini.com\\\/de\\\/wegen\\\/\",\"url\":\"https:\\\/\\\/camulvini.com\\\/de\\\/wegen\\\/\",\"name\":\"Vini Cam\u00f9l \u2013 Umgebung\",\"isPartOf\":{\"@id\":\"https:\\\/\\\/camulvini.com\\\/#website\"},\"primaryImageOfPage\":{\"@id\":\"https:\\\/\\\/camulvini.com\\\/de\\\/wegen\\\/#primaryimage\"},\"image\":{\"@id\":\"https:\\\/\\\/camulvini.com\\\/de\\\/wegen\\\/#primaryimage\"},\"thumbnailUrl\":\"http:\\\/\\\/camulvini.com\\\/wp-content\\\/uploads\\\/elementor\\\/thumbs\\\/decorazione-oczacdy0gink3x4pc8o9x9f0roytqlhvw7at82z7o0.png\",\"datePublished\":\"2019-09-18T14:12:12+00:00\",\"dateModified\":\"2020-08-27T08:55:05+00:00\",\"description\":\"Die Cam\u00f9l-Weinproduktion hat ihre Wurzeln in einem Gebiet, Vittorio Veneto, das reich an wundersch\u00f6nen Landschaften und Kultur ist\",\"breadcrumb\":{\"@id\":\"https:\\\/\\\/camulvini.com\\\/de\\\/wegen\\\/#breadcrumb\"},\"inLanguage\":\"de\",\"potentialAction\":[{\"@type\":\"ReadAction\",\"target\":[\"https:\\\/\\\/camulvini.com\\\/de\\\/wegen\\\/\"]}]},{\"@type\":\"ImageObject\",\"inLanguage\":\"de\",\"@id\":\"https:\\\/\\\/camulvini.com\\\/de\\\/wegen\\\/#primaryimage\",\"url\":\"http:\\\/\\\/camulvini.com\\\/wp-content\\\/uploads\\\/elementor\\\/thumbs\\\/decorazione-oczacdy0gink3x4pc8o9x9f0roytqlhvw7at82z7o0.png\",\"contentUrl\":\"http:\\\/\\\/camulvini.com\\\/wp-content\\\/uploads\\\/elementor\\\/thumbs\\\/decorazione-oczacdy0gink3x4pc8o9x9f0roytqlhvw7at82z7o0.png\"},{\"@type\":\"BreadcrumbList\",\"@id\":\"https:\\\/\\\/camulvini.com\\\/de\\\/wegen\\\/#breadcrumb\",\"itemListElement\":[{\"@type\":\"ListItem\",\"position\":1,\"name\":\"Home\",\"item\":\"https:\\\/\\\/camulvini.com\\\/\"},{\"@type\":\"ListItem\",\"position\":2,\"name\":\"Umgebung\"}]},{\"@type\":\"WebSite\",\"@id\":\"https:\\\/\\\/camulvini.com\\\/#website\",\"url\":\"https:\\\/\\\/camulvini.com\\\/\",\"name\":\"Cam\u00fal\",\"description\":\"\",\"publisher\":{\"@id\":\"https:\\\/\\\/camulvini.com\\\/#organization\"},\"potentialAction\":[{\"@type\":\"SearchAction\",\"target\":{\"@type\":\"EntryPoint\",\"urlTemplate\":\"https:\\\/\\\/camulvini.com\\\/?s={search_term_string}\"},\"query-input\":{\"@type\":\"PropertyValueSpecification\",\"valueRequired\":true,\"valueName\":\"search_term_string\"}}],\"inLanguage\":\"de\"},{\"@type\":\"Organization\",\"@id\":\"https:\\\/\\\/camulvini.com\\\/#organization\",\"name\":\"Cam\u00fal\",\"url\":\"https:\\\/\\\/camulvini.com\\\/\",\"logo\":{\"@type\":\"ImageObject\",\"inLanguage\":\"de\",\"@id\":\"https:\\\/\\\/camulvini.com\\\/#\\\/schema\\\/logo\\\/image\\\/\",\"url\":\"https:\\\/\\\/camulvini.com\\\/wp-content\\\/uploads\\\/2019\\\/03\\\/cropped-logo.png\",\"contentUrl\":\"https:\\\/\\\/camulvini.com\\\/wp-content\\\/uploads\\\/2019\\\/03\\\/cropped-logo.png\",\"width\":239,\"height\":80,\"caption\":\"Cam\u00fal\"},\"image\":{\"@id\":\"https:\\\/\\\/camulvini.com\\\/#\\\/schema\\\/logo\\\/image\\\/\"}}]}<\/script>\n<!-- \/ Yoast SEO plugin. -->","yoast_head_json":{"title":"Vini Cam\u00f9l \u2013 Umgebung","description":"Die Cam\u00f9l-Weinproduktion hat ihre Wurzeln in einem Gebiet, Vittorio Veneto, das reich an wundersch\u00f6nen Landschaften und Kultur ist","robots":{"index":"index","follow":"follow","max-snippet":"max-snippet:-1","max-image-preview":"max-image-preview:large","max-video-preview":"max-video-preview:-1"},"canonical":"https:\/\/camulvini.com\/de\/wegen\/","og_locale":"de_DE","og_type":"article","og_title":"Vini Cam\u00f9l \u2013 Umgebung","og_description":"Die Cam\u00f9l-Weinproduktion hat ihre Wurzeln in einem Gebiet, Vittorio Veneto, das reich an wundersch\u00f6nen Landschaften und Kultur ist","og_url":"https:\/\/camulvini.com\/de\/wegen\/","og_site_name":"Cam\u00fal","article_modified_time":"2020-08-27T08:55:05+00:00","og_image":[{"url":"http:\/\/camulvini.com\/wp-content\/uploads\/elementor\/thumbs\/decorazione-oczacdy0gink3x4pc8o9x9f0roytqlhvw7at82z7o0.png","type":"","width":"","height":""}],"twitter_card":"summary_large_image","twitter_misc":{"Gesch\u00e4tzte Lesezeit":"3\u00a0Minuten"},"schema":{"@context":"https:\/\/schema.org","@graph":[{"@type":"WebPage","@id":"https:\/\/camulvini.com\/de\/wegen\/","url":"https:\/\/camulvini.com\/de\/wegen\/","name":"Vini Cam\u00f9l \u2013 Umgebung","isPartOf":{"@id":"https:\/\/camulvini.com\/#website"},"primaryImageOfPage":{"@id":"https:\/\/camulvini.com\/de\/wegen\/#primaryimage"},"image":{"@id":"https:\/\/camulvini.com\/de\/wegen\/#primaryimage"},"thumbnailUrl":"http:\/\/camulvini.com\/wp-content\/uploads\/elementor\/thumbs\/decorazione-oczacdy0gink3x4pc8o9x9f0roytqlhvw7at82z7o0.png","datePublished":"2019-09-18T14:12:12+00:00","dateModified":"2020-08-27T08:55:05+00:00","description":"Die Cam\u00f9l-Weinproduktion hat ihre Wurzeln in einem Gebiet, Vittorio Veneto, das reich an wundersch\u00f6nen Landschaften und Kultur ist","breadcrumb":{"@id":"https:\/\/camulvini.com\/de\/wegen\/#breadcrumb"},"inLanguage":"de","potentialAction":[{"@type":"ReadAction","target":["https:\/\/camulvini.com\/de\/wegen\/"]}]},{"@type":"ImageObject","inLanguage":"de","@id":"https:\/\/camulvini.com\/de\/wegen\/#primaryimage","url":"http:\/\/camulvini.com\/wp-content\/uploads\/elementor\/thumbs\/decorazione-oczacdy0gink3x4pc8o9x9f0roytqlhvw7at82z7o0.png","contentUrl":"http:\/\/camulvini.com\/wp-content\/uploads\/elementor\/thumbs\/decorazione-oczacdy0gink3x4pc8o9x9f0roytqlhvw7at82z7o0.png"},{"@type":"BreadcrumbList","@id":"https:\/\/camulvini.com\/de\/wegen\/#breadcrumb","itemListElement":[{"@type":"ListItem","position":1,"name":"Home","item":"https:\/\/camulvini.com\/"},{"@type":"ListItem","position":2,"name":"Umgebung"}]},{"@type":"WebSite","@id":"https:\/\/camulvini.com\/#website","url":"https:\/\/camulvini.com\/","name":"Cam\u00fal","description":"","publisher":{"@id":"https:\/\/camulvini.com\/#organization"},"potentialAction":[{"@type":"SearchAction","target":{"@type":"EntryPoint","urlTemplate":"https:\/\/camulvini.com\/?s={search_term_string}"},"query-input":{"@type":"PropertyValueSpecification","valueRequired":true,"valueName":"search_term_string"}}],"inLanguage":"de"},{"@type":"Organization","@id":"https:\/\/camulvini.com\/#organization","name":"Cam\u00fal","url":"https:\/\/camulvini.com\/","logo":{"@type":"ImageObject","inLanguage":"de","@id":"https:\/\/camulvini.com\/#\/schema\/logo\/image\/","url":"https:\/\/camulvini.com\/wp-content\/uploads\/2019\/03\/cropped-logo.png","contentUrl":"https:\/\/camulvini.com\/wp-content\/uploads\/2019\/03\/cropped-logo.png","width":239,"height":80,"caption":"Cam\u00fal"},"image":{"@id":"https:\/\/camulvini.com\/#\/schema\/logo\/image\/"}}]}},"_links":{"self":[{"href":"https:\/\/camulvini.com\/de\/wp-json\/wp\/v2\/pages\/1179","targetHints":{"allow":["GET"]}}],"collection":[{"href":"https:\/\/camulvini.com\/de\/wp-json\/wp\/v2\/pages"}],"about":[{"href":"https:\/\/camulvini.com\/de\/wp-json\/wp\/v2\/types\/page"}],"author":[{"embeddable":true,"href":"https:\/\/camulvini.com\/de\/wp-json\/wp\/v2\/users\/1"}],"replies":[{"embeddable":true,"href":"https:\/\/camulvini.com\/de\/wp-json\/wp\/v2\/comments?post=1179"}],"version-history":[{"count":4,"href":"https:\/\/camulvini.com\/de\/wp-json\/wp\/v2\/pages\/1179\/revisions"}],"predecessor-version":[{"id":1642,"href":"https:\/\/camulvini.com\/de\/wp-json\/wp\/v2\/pages\/1179\/revisions\/1642"}],"wp:attachment":[{"href":"https:\/\/camulvini.com\/de\/wp-json\/wp\/v2\/media?parent=1179"}],"curies":[{"name":"wp","href":"https:\/\/api.w.org\/{rel}","templated":true}]}}