{"id":1565,"date":"2019-10-04T14:50:30","date_gmt":"2019-10-04T12:50:30","guid":{"rendered":"http:\/\/camulvini.com\/deutscher-vorschau-katalog\/"},"modified":"2024-09-02T10:30:10","modified_gmt":"2024-09-02T08:30:10","slug":"deutscher-vorschau-katalog","status":"publish","type":"page","link":"https:\/\/camulvini.com\/de\/deutscher-vorschau-katalog\/","title":{"rendered":"Deutscher Vorschau-Katalog"},"content":{"rendered":"\t\t<div data-elementor-type=\"wp-page\" data-elementor-id=\"1565\" class=\"elementor elementor-1565 elementor-1539\" data-elementor-post-type=\"page\">\n\t\t\t\t\t\t<section class=\"elementor-section elementor-top-section elementor-element elementor-element-0f8f18c elementor-section-boxed elementor-section-height-default elementor-section-height-default\" data-id=\"0f8f18c\" data-element_type=\"section\" data-e-type=\"section\" data-settings=\"{&quot;background_background&quot;:&quot;classic&quot;}\">\n\t\t\t\t\t\t\t<div class=\"elementor-background-overlay\"><\/div>\n\t\t\t\t\t\t\t<div class=\"elementor-container elementor-column-gap-no\">\n\t\t\t\t\t<div class=\"elementor-column elementor-col-100 elementor-top-column elementor-element elementor-element-32fceb2\" data-id=\"32fceb2\" data-element_type=\"column\" data-e-type=\"column\">\n\t\t\t<div class=\"elementor-widget-wrap elementor-element-populated\">\n\t\t\t\t\t\t<div class=\"elementor-element elementor-element-6c23d2a elementor-widget elementor-widget-shortcode\" data-id=\"6c23d2a\" data-element_type=\"widget\" data-e-type=\"widget\" data-widget_type=\"shortcode.default\">\n\t\t\t\t<div class=\"elementor-widget-container\">\n\t\t\t\t\t\t\t<div class=\"elementor-shortcode\"><div class=\"_3d-flip-book  fb3d-fullscreen-mode full-size\" data-id=\"1534\" data-mode=\"fullscreen\" data-title=\"false\" data-template=\"short-white-book-view\" data-lightbox=\"dark-shadow\" data-urlparam=\"fb3d-page\" data-page-n=\"0\" data-pdf=\"\" data-tax=\"null\" data-thumbnail=\"\" data-cols=\"3\" data-book-template=\"default\" data-trigger=\"\"><\/div><script type=\"text\/javascript\">window.FB3D_CLIENT_DATA = window.FB3D_CLIENT_DATA || [];FB3D_CLIENT_DATA.push('eyJwb3N0cyI6eyIxNTM0Ijp7IklEIjoxNTM0LCJ0aXRsZSI6IkNhdGFsb2dvIENhbVx1MDBmYWwgSXRhIiwidHlwZSI6InBkZiIsInJlYWR5X2Z1bmN0aW9uIjoiIiwiYm9va19zdHlsZSI6InZvbHVtZSIsImJvb2tfdGVtcGxhdGUiOiJub25lIiwib3V0bGluZSI6W10sImRhdGEiOnsicG9zdF9JRCI6IjIwNjgiLCJndWlkIjoiaHR0cHM6XC9cL2NhbXVsdmluaS5jb21cL3dwLWNvbnRlbnRcL3VwbG9hZHNcLzIwMjFcLzAzXC9DQU1VX3hDQ194ODFMX0lUQS5wZGYiLCJwZGZfcGFnZXMiOiIyNyIsInBhZ2VzX2N1c3RvbWl6YXRpb24iOiJub25lIn0sInRodW1ibmFpbCI6eyJkYXRhIjp7InBvc3RfSUQiOiIwIn0sInR5cGUiOiJhdXRvIn0sInByb3BzIjp7ImNhY2hlZFBhZ2VzIjoiYXV0byIsInJlbmRlckluYWN0aXZlUGFnZXMiOiJhdXRvIiwicmVuZGVySW5hY3RpdmVQYWdlc09uTW9iaWxlIjoiYXV0byIsInJlbmRlcldoaWxlRmxpcHBpbmciOiJhdXRvIiwicHJlbG9hZFBhZ2VzIjoiYXV0byIsInJ0bCI6ImF1dG8iLCJzaGVldCI6eyJzdGFydFZlbG9jaXR5IjoiYXV0byIsIndhdmUiOiJhdXRvIiwid2lkdGhUZXhlbHMiOiJhdXRvIiwiY29sb3IiOiJhdXRvIiwic2lkZSI6ImF1dG8iLCJjb3JuZXJEZXZpYXRpb24iOiJhdXRvIiwiZmxleGliaWxpdHkiOiJhdXRvIiwiZmxleGlibGVDb3JuZXIiOiJhdXRvIiwiYmVuZGluZyI6ImF1dG8iLCJoZWlnaHRUZXhlbHMiOiJhdXRvIn0sImNvdmVyIjp7IndhdmUiOiJhdXRvIiwiY29sb3IiOiJhdXRvIiwiYmluZGVyVGV4dHVyZSI6ImF1dG8iLCJkZXB0aCI6ImF1dG8iLCJwYWRkaW5nIjoiYXV0byIsInN0YXJ0VmVsb2NpdHkiOiJhdXRvIiwiZmxleGliaWxpdHkiOiJhdXRvIiwiZmxleGlibGVDb3JuZXIiOiJhdXRvIiwiYmVuZGluZyI6ImF1dG8iLCJ3aWR0aFRleGVscyI6ImF1dG8iLCJoZWlnaHRUZXhlbHMiOiJhdXRvIiwibWFzcyI6ImF1dG8iLCJzaWRlIjoiYXV0byJ9LCJwYWdlIjp7IndhdmUiOiJhdXRvIiwiY29sb3IiOiJhdXRvIiwiZGVwdGgiOiJhdXRvIiwic3RhcnRWZWxvY2l0eSI6ImF1dG8iLCJmbGV4aWJpbGl0eSI6ImF1dG8iLCJmbGV4aWJsZUNvcm5lciI6ImF1dG8iLCJiZW5kaW5nIjoiYXV0byIsIndpZHRoVGV4ZWxzIjoiYXV0byIsImhlaWdodFRleGVscyI6ImF1dG8iLCJtYXNzIjoiYXV0byIsInNpZGUiOiJhdXRvIn0sImhlaWdodCI6ImF1dG8iLCJ3aWR0aCI6ImF1dG8iLCJncmF2aXR5IjoiYXV0byIsInBhZ2VzRm9yUHJlZGljdGluZyI6ImF1dG8ifSwiY29udHJvbFByb3BzIjp7ImFjdGlvbnMiOnsiY21kU2F2ZSI6eyJlbmFibGVkIjoiYXV0byIsImVuYWJsZWRJbk5hcnJvdyI6ImF1dG8ifSwiY21kUHJpbnQiOnsiZW5hYmxlZCI6ImF1dG8iLCJlbmFibGVkSW5OYXJyb3ciOiJhdXRvIn0sImNtZFNpbmdsZVBhZ2UiOnsiZW5hYmxlZCI6ImF1dG8iLCJlbmFibGVkSW5OYXJyb3ciOiJhdXRvIiwiYWN0aXZlIjoiYXV0byJ9fX0sImF1dG9UaHVtYm5haWwiOiJodHRwczpcL1wvY2FtdWx2aW5pLmNvbVwvd3AtY29udGVudFwvdXBsb2Fkc1wvM2QtZmxpcC1ib29rXC9hdXRvLXRodW1ibmFpbHNcLzE1MzQucG5nIiwicG9zdF9uYW1lIjoiY2F0YWxvZ28tY2FtdWwtaXRhIiwicG9zdF90eXBlIjoiM2QtZmxpcC1ib29rIn19LCJwYWdlcyI6W10sImZpcnN0UGFnZXMiOltdfQ==');window.FB3D_CLIENT_LOCALE && FB3D_CLIENT_LOCALE.render && FB3D_CLIENT_LOCALE.render();<\/script><\/div>\n\t\t\t\t\t\t<\/div>\n\t\t\t\t<\/div>\n\t\t\t\t\t<\/div>\n\t\t<\/div>\n\t\t\t\t\t<\/div>\n\t\t<\/section>\n\t\t\t\t<\/div>\n\t\t","protected":false},"excerpt":{"rendered":"","protected":false},"author":1,"featured_media":0,"parent":0,"menu_order":0,"comment_status":"closed","ping_status":"closed","template":"elementor_header_footer","meta":{"ocean_post_layout":"","ocean_both_sidebars_style":"","ocean_both_sidebars_content_width":0,"ocean_both_sidebars_sidebars_width":0,"ocean_sidebar":"0","ocean_second_sidebar":"0","ocean_disable_margins":"enable","ocean_add_body_class":"","ocean_shortcode_before_top_bar":"","ocean_shortcode_after_top_bar":"","ocean_shortcode_before_header":"","ocean_shortcode_after_header":"","ocean_has_shortcode":"","ocean_shortcode_after_title":"","ocean_shortcode_before_footer_widgets":"","ocean_shortcode_after_footer_widgets":"","ocean_shortcode_before_footer_bottom":"","ocean_shortcode_after_footer_bottom":"","ocean_display_top_bar":"default","ocean_display_header":"default","ocean_header_style":"","ocean_center_header_left_menu":"0","ocean_custom_header_template":"0","ocean_custom_logo":0,"ocean_custom_retina_logo":0,"ocean_custom_logo_max_width":0,"ocean_custom_logo_tablet_max_width":0,"ocean_custom_logo_mobile_max_width":0,"ocean_custom_logo_max_height":0,"ocean_custom_logo_tablet_max_height":0,"ocean_custom_logo_mobile_max_height":0,"ocean_header_custom_menu":"0","ocean_menu_typo_font_family":"0","ocean_menu_typo_font_subset":"","ocean_menu_typo_font_size":0,"ocean_menu_typo_font_size_tablet":0,"ocean_menu_typo_font_size_mobile":0,"ocean_menu_typo_font_size_unit":"px","ocean_menu_typo_font_weight":"","ocean_menu_typo_font_weight_tablet":"","ocean_menu_typo_font_weight_mobile":"","ocean_menu_typo_transform":"","ocean_menu_typo_transform_tablet":"","ocean_menu_typo_transform_mobile":"","ocean_menu_typo_line_height":0,"ocean_menu_typo_line_height_tablet":0,"ocean_menu_typo_line_height_mobile":0,"ocean_menu_typo_line_height_unit":"","ocean_menu_typo_spacing":0,"ocean_menu_typo_spacing_tablet":0,"ocean_menu_typo_spacing_mobile":0,"ocean_menu_typo_spacing_unit":"","ocean_menu_link_color":"","ocean_menu_link_color_hover":"","ocean_menu_link_color_active":"","ocean_menu_link_background":"","ocean_menu_link_hover_background":"","ocean_menu_link_active_background":"","ocean_menu_social_links_bg":"","ocean_menu_social_hover_links_bg":"","ocean_menu_social_links_color":"","ocean_menu_social_hover_links_color":"","ocean_disable_title":"on","ocean_disable_heading":"default","ocean_post_title":"","ocean_post_subheading":"","ocean_post_title_style":"","ocean_post_title_background_color":"","ocean_post_title_background":0,"ocean_post_title_bg_image_position":"","ocean_post_title_bg_image_attachment":"","ocean_post_title_bg_image_repeat":"","ocean_post_title_bg_image_size":"","ocean_post_title_height":0,"ocean_post_title_bg_overlay":0.5,"ocean_post_title_bg_overlay_color":"","ocean_disable_breadcrumbs":"default","ocean_breadcrumbs_color":"","ocean_breadcrumbs_separator_color":"","ocean_breadcrumbs_links_color":"","ocean_breadcrumbs_links_hover_color":"","ocean_display_footer_widgets":"default","ocean_display_footer_bottom":"default","ocean_custom_footer_template":"0","footnotes":""},"class_list":["post-1565","page","type-page","status-publish","hentry","entry"],"yoast_head":"<!-- This site is optimized with the Yoast SEO plugin v27.4 - https:\/\/yoast.com\/product\/yoast-seo-wordpress\/ -->\n<title>Weinkatalog Made in Italy - Cam\u00f9l Vini Valdobbiadene<\/title>\n<meta name=\"description\" content=\"St\u00f6bern Sie im Weinkatalog von Cam\u00f9l Vini made in Italy. Viele Vorschl\u00e4ge von Roten, Wei\u00dfen und dem unvermeidlichen Valdobbiadene DOCG-Prosecco\" \/>\n<meta name=\"robots\" content=\"index, follow, max-snippet:-1, max-image-preview:large, max-video-preview:-1\" \/>\n<link rel=\"canonical\" href=\"https:\/\/camulvini.com\/catalogo-anteprima-italiano\/\" \/>\n<meta property=\"og:locale\" content=\"de_DE\" \/>\n<meta property=\"og:type\" content=\"article\" \/>\n<meta property=\"og:title\" content=\"Weinkatalog Made in Italy - Cam\u00f9l Vini Valdobbiadene\" \/>\n<meta property=\"og:description\" content=\"St\u00f6bern Sie im Weinkatalog von Cam\u00f9l Vini made in Italy. Viele Vorschl\u00e4ge von Roten, Wei\u00dfen und dem unvermeidlichen Valdobbiadene DOCG-Prosecco\" \/>\n<meta property=\"og:url\" content=\"https:\/\/camulvini.com\/catalogo-anteprima-italiano\/\" \/>\n<meta property=\"og:site_name\" content=\"Cam\u00fal\" \/>\n<meta property=\"article:modified_time\" content=\"2024-09-02T08:30:10+00:00\" \/>\n<meta name=\"twitter:card\" content=\"summary_large_image\" \/>\n<script type=\"application\/ld+json\" class=\"yoast-schema-graph\">{\"@context\":\"https:\\\/\\\/schema.org\",\"@graph\":[{\"@type\":\"WebPage\",\"@id\":\"https:\\\/\\\/camulvini.com\\\/catalogo-anteprima-italiano\\\/\",\"url\":\"https:\\\/\\\/camulvini.com\\\/catalogo-anteprima-italiano\\\/\",\"name\":\"Weinkatalog Made in Italy - Cam\u00f9l Vini Valdobbiadene\",\"isPartOf\":{\"@id\":\"https:\\\/\\\/camulvini.com\\\/#website\"},\"datePublished\":\"2019-10-04T12:50:30+00:00\",\"dateModified\":\"2024-09-02T08:30:10+00:00\",\"description\":\"St\u00f6bern Sie im Weinkatalog von Cam\u00f9l Vini made in Italy. Viele Vorschl\u00e4ge von Roten, Wei\u00dfen und dem unvermeidlichen Valdobbiadene DOCG-Prosecco\",\"breadcrumb\":{\"@id\":\"https:\\\/\\\/camulvini.com\\\/catalogo-anteprima-italiano\\\/#breadcrumb\"},\"inLanguage\":\"de\",\"potentialAction\":[{\"@type\":\"ReadAction\",\"target\":[\"https:\\\/\\\/camulvini.com\\\/catalogo-anteprima-italiano\\\/\"]}]},{\"@type\":\"BreadcrumbList\",\"@id\":\"https:\\\/\\\/camulvini.com\\\/catalogo-anteprima-italiano\\\/#breadcrumb\",\"itemListElement\":[{\"@type\":\"ListItem\",\"position\":1,\"name\":\"Home\",\"item\":\"https:\\\/\\\/camulvini.com\\\/\"},{\"@type\":\"ListItem\",\"position\":2,\"name\":\"Deutscher Vorschau-Katalog\"}]},{\"@type\":\"WebSite\",\"@id\":\"https:\\\/\\\/camulvini.com\\\/#website\",\"url\":\"https:\\\/\\\/camulvini.com\\\/\",\"name\":\"Cam\u00fal\",\"description\":\"\",\"publisher\":{\"@id\":\"https:\\\/\\\/camulvini.com\\\/#organization\"},\"potentialAction\":[{\"@type\":\"SearchAction\",\"target\":{\"@type\":\"EntryPoint\",\"urlTemplate\":\"https:\\\/\\\/camulvini.com\\\/?s={search_term_string}\"},\"query-input\":{\"@type\":\"PropertyValueSpecification\",\"valueRequired\":true,\"valueName\":\"search_term_string\"}}],\"inLanguage\":\"de\"},{\"@type\":\"Organization\",\"@id\":\"https:\\\/\\\/camulvini.com\\\/#organization\",\"name\":\"Cam\u00fal\",\"url\":\"https:\\\/\\\/camulvini.com\\\/\",\"logo\":{\"@type\":\"ImageObject\",\"inLanguage\":\"de\",\"@id\":\"https:\\\/\\\/camulvini.com\\\/#\\\/schema\\\/logo\\\/image\\\/\",\"url\":\"https:\\\/\\\/camulvini.com\\\/wp-content\\\/uploads\\\/2019\\\/03\\\/cropped-logo.png\",\"contentUrl\":\"https:\\\/\\\/camulvini.com\\\/wp-content\\\/uploads\\\/2019\\\/03\\\/cropped-logo.png\",\"width\":239,\"height\":80,\"caption\":\"Cam\u00fal\"},\"image\":{\"@id\":\"https:\\\/\\\/camulvini.com\\\/#\\\/schema\\\/logo\\\/image\\\/\"}}]}<\/script>\n<!-- \/ Yoast SEO plugin. -->","yoast_head_json":{"title":"Weinkatalog Made in Italy - Cam\u00f9l Vini Valdobbiadene","description":"St\u00f6bern Sie im Weinkatalog von Cam\u00f9l Vini made in Italy. Viele Vorschl\u00e4ge von Roten, Wei\u00dfen und dem unvermeidlichen Valdobbiadene DOCG-Prosecco","robots":{"index":"index","follow":"follow","max-snippet":"max-snippet:-1","max-image-preview":"max-image-preview:large","max-video-preview":"max-video-preview:-1"},"canonical":"https:\/\/camulvini.com\/catalogo-anteprima-italiano\/","og_locale":"de_DE","og_type":"article","og_title":"Weinkatalog Made in Italy - Cam\u00f9l Vini Valdobbiadene","og_description":"St\u00f6bern Sie im Weinkatalog von Cam\u00f9l Vini made in Italy. Viele Vorschl\u00e4ge von Roten, Wei\u00dfen und dem unvermeidlichen Valdobbiadene DOCG-Prosecco","og_url":"https:\/\/camulvini.com\/catalogo-anteprima-italiano\/","og_site_name":"Cam\u00fal","article_modified_time":"2024-09-02T08:30:10+00:00","twitter_card":"summary_large_image","schema":{"@context":"https:\/\/schema.org","@graph":[{"@type":"WebPage","@id":"https:\/\/camulvini.com\/catalogo-anteprima-italiano\/","url":"https:\/\/camulvini.com\/catalogo-anteprima-italiano\/","name":"Weinkatalog Made in Italy - Cam\u00f9l Vini Valdobbiadene","isPartOf":{"@id":"https:\/\/camulvini.com\/#website"},"datePublished":"2019-10-04T12:50:30+00:00","dateModified":"2024-09-02T08:30:10+00:00","description":"St\u00f6bern Sie im Weinkatalog von Cam\u00f9l Vini made in Italy. Viele Vorschl\u00e4ge von Roten, Wei\u00dfen und dem unvermeidlichen Valdobbiadene DOCG-Prosecco","breadcrumb":{"@id":"https:\/\/camulvini.com\/catalogo-anteprima-italiano\/#breadcrumb"},"inLanguage":"de","potentialAction":[{"@type":"ReadAction","target":["https:\/\/camulvini.com\/catalogo-anteprima-italiano\/"]}]},{"@type":"BreadcrumbList","@id":"https:\/\/camulvini.com\/catalogo-anteprima-italiano\/#breadcrumb","itemListElement":[{"@type":"ListItem","position":1,"name":"Home","item":"https:\/\/camulvini.com\/"},{"@type":"ListItem","position":2,"name":"Deutscher Vorschau-Katalog"}]},{"@type":"WebSite","@id":"https:\/\/camulvini.com\/#website","url":"https:\/\/camulvini.com\/","name":"Cam\u00fal","description":"","publisher":{"@id":"https:\/\/camulvini.com\/#organization"},"potentialAction":[{"@type":"SearchAction","target":{"@type":"EntryPoint","urlTemplate":"https:\/\/camulvini.com\/?s={search_term_string}"},"query-input":{"@type":"PropertyValueSpecification","valueRequired":true,"valueName":"search_term_string"}}],"inLanguage":"de"},{"@type":"Organization","@id":"https:\/\/camulvini.com\/#organization","name":"Cam\u00fal","url":"https:\/\/camulvini.com\/","logo":{"@type":"ImageObject","inLanguage":"de","@id":"https:\/\/camulvini.com\/#\/schema\/logo\/image\/","url":"https:\/\/camulvini.com\/wp-content\/uploads\/2019\/03\/cropped-logo.png","contentUrl":"https:\/\/camulvini.com\/wp-content\/uploads\/2019\/03\/cropped-logo.png","width":239,"height":80,"caption":"Cam\u00fal"},"image":{"@id":"https:\/\/camulvini.com\/#\/schema\/logo\/image\/"}}]}},"_links":{"self":[{"href":"https:\/\/camulvini.com\/de\/wp-json\/wp\/v2\/pages\/1565","targetHints":{"allow":["GET"]}}],"collection":[{"href":"https:\/\/camulvini.com\/de\/wp-json\/wp\/v2\/pages"}],"about":[{"href":"https:\/\/camulvini.com\/de\/wp-json\/wp\/v2\/types\/page"}],"author":[{"embeddable":true,"href":"https:\/\/camulvini.com\/de\/wp-json\/wp\/v2\/users\/1"}],"replies":[{"embeddable":true,"href":"https:\/\/camulvini.com\/de\/wp-json\/wp\/v2\/comments?post=1565"}],"version-history":[{"count":5,"href":"https:\/\/camulvini.com\/de\/wp-json\/wp\/v2\/pages\/1565\/revisions"}],"predecessor-version":[{"id":5154,"href":"https:\/\/camulvini.com\/de\/wp-json\/wp\/v2\/pages\/1565\/revisions\/5154"}],"wp:attachment":[{"href":"https:\/\/camulvini.com\/de\/wp-json\/wp\/v2\/media?parent=1565"}],"curies":[{"name":"wp","href":"https:\/\/api.w.org\/{rel}","templated":true}]}}