{"id":668,"date":"2019-03-13T17:17:34","date_gmt":"2019-03-13T16:17:34","guid":{"rendered":"http:\/\/camulvini.com\/gesellschaftsdaten\/"},"modified":"2023-09-08T15:47:51","modified_gmt":"2023-09-08T13:47:51","slug":"gesellschaftsdaten","status":"publish","type":"page","link":"https:\/\/camulvini.com\/de\/gesellschaftsdaten\/","title":{"rendered":"Gesellschaftsdaten"},"content":{"rendered":"\t\t<div data-elementor-type=\"wp-post\" data-elementor-id=\"668\" class=\"elementor elementor-668 elementor-656\" data-elementor-post-type=\"page\">\n\t\t\t\t\t\t<section class=\"elementor-section elementor-top-section elementor-element elementor-element-67d290c elementor-section-full_width elementor-section-height-default elementor-section-height-default\" data-id=\"67d290c\" data-element_type=\"section\" data-e-type=\"section\" data-settings=\"{&quot;background_background&quot;:&quot;classic&quot;}\">\n\t\t\t\t\t\t\t<div class=\"elementor-background-overlay\"><\/div>\n\t\t\t\t\t\t\t<div class=\"elementor-container elementor-column-gap-no\">\n\t\t\t\t\t<div class=\"elementor-column elementor-col-100 elementor-top-column elementor-element elementor-element-9ccfa24\" data-id=\"9ccfa24\" data-element_type=\"column\" data-e-type=\"column\" data-settings=\"{&quot;background_background&quot;:&quot;classic&quot;}\">\n\t\t\t<div class=\"elementor-widget-wrap elementor-element-populated\">\n\t\t\t\t\t\t<div class=\"elementor-element elementor-element-4ad6b36 elementor-widget elementor-widget-heading\" data-id=\"4ad6b36\" data-element_type=\"widget\" data-e-type=\"widget\" data-widget_type=\"heading.default\">\n\t\t\t\t<div class=\"elementor-widget-container\">\n\t\t\t\t\t<h1 class=\"elementor-heading-title elementor-size-default\">Gesellschaftsdaten<\/h1>\t\t\t\t<\/div>\n\t\t\t\t<\/div>\n\t\t\t\t\t<\/div>\n\t\t<\/div>\n\t\t\t\t\t<\/div>\n\t\t<\/section>\n\t\t\t\t<section class=\"elementor-section elementor-top-section elementor-element elementor-element-2f7885f elementor-section-boxed elementor-section-height-default elementor-section-height-default\" data-id=\"2f7885f\" data-element_type=\"section\" data-e-type=\"section\">\n\t\t\t\t\t\t<div class=\"elementor-container elementor-column-gap-default\">\n\t\t\t\t\t<div class=\"elementor-column elementor-col-100 elementor-top-column elementor-element elementor-element-6bf0841\" data-id=\"6bf0841\" data-element_type=\"column\" data-e-type=\"column\">\n\t\t\t<div class=\"elementor-widget-wrap elementor-element-populated\">\n\t\t\t\t\t\t<div class=\"elementor-element elementor-element-018ce08 elementor-widget elementor-widget-text-editor\" data-id=\"018ce08\" data-element_type=\"widget\" data-e-type=\"widget\" data-widget_type=\"text-editor.default\">\n\t\t\t\t<div class=\"elementor-widget-container\">\n\t\t\t\t\t\t\t\t\t<p><strong>GESELLSCHAFTSDATEN<\/strong><\/p>\n<p>Gesellschaftsname: Vini Tonon Srl<br>Gesch\u00e4fts- und Betriebssitz: Via Carpesica, 1 \u2013 31010 Carpesica di Vittorio Veneto (TV) \u2013 Italia<br>Gesch\u00e4fts- und Betriebssitz: Via Carpesica, 1 \u2013 31010 Carpesica di Vittorio Veneto (TV) \u2013 Italia<br>Steuernummer: 01163440264<br>Umsatzsteuer-Identifikationsnummer: 01163440264<br><br><\/p>\n<p><strong>INFORMATIONSSCHRIFTEN UND EINWILLIGUNGEN DES UNTERNEHMENS<\/strong><\/p>\n<p><strong>Vini Tonon Srl<\/strong><\/p>\n<p><a href=\"http:\/\/www.camul.it\/de\/privacy\" target=\"_blank\" rel=\"noopener\"><strong><u>Informationsschrift des Unternehmens zur Datenverarbeitung&nbsp;<\/u><\/strong>&nbsp;<em>(<\/em>http:\/\/www.camul.it\/de\/privacy)<br><\/a><a href=\"http:\/\/www.camul.it\/de\/cookies\/\" target=\"_blank\" rel=\"noopener\"><strong><u>Einwilligung nach Aufkl\u00e4rung des Unternehmens \u00fcber die Datenverarbeitung&nbsp;<\/u><\/strong><em>(<\/em>http:\/\/www.camul.it\/de\/cookies\/)<\/a><br><\/p>\n<p><strong>HINWEISE ZU URHEBERRECHTEN UND EINGETRAGENEN WARENZEICHEN<\/strong><\/p>\n<p>Der gesamte Inhalt dieser Website wird von den Urheberrechten (copyright \u00a9) 2019 der Firma Vini Tonon Srloder ihrer Zulieferer gesch\u00fctzt. Alle Rechte sind den Eigent\u00fcmern gesetzlich vorbehalten.<br>Gem\u00e4\u00df Art. 1, Absatz 1 des Gesetzesdekrets Nr. 72 vom 22. M\u00e4rz 2004, so wie durch das Umwandlungsgesetz Nr. 128 vom 21. Mai 2004 ge\u00e4ndert, erf\u00fcllen die auf dieser Website befindlichen Inhalte die Verpflichtungen, die sich aus der Gesetzgebung \u00fcber das Urheberrecht und den damit verbundenen Rechten ergeben.<br>Die Vervielf\u00e4ltigung, die Mitteilung an die \u00d6ffentlichkeit, die \u00f6ffentliche Zug\u00e4nglichmachung, die Vermietung und der Verleih, die \u00f6ffentliche Ausf\u00fchrung und Verbreitung sind ohne Zustimmung des Inhabers der Rechte verboten.<\/p>\n<p>Verst\u00f6\u00dfe unterliegen den Sanktionen der Artikel 171, 171-bis, 171-ter, 174-bis und 174-ter des Gesetzes 633\/1941.<br>Gem\u00e4\u00df Art. 5 des Gesetzes Nr. 633 vom 22. April 1941 \u00fcber den Schutz des Urheberrechts, unterliegen<br>die Texte offizieller Dokumente des Staates und der \u00f6ffentlichen Verwaltungen, sowohl in Italien als auch im Ausland, nicht dem Urheberrecht.<br>Das angegebene Copyright bezieht sich auf die Verarbeitung und Darstellungsform der Texte selbst.<\/p>\n<p>Vermeintliche Urheberrechtsverletzungen<\/p>\n<p>Diese Mitteilungen m\u00fcssen schriftlich erfolgen und an die nachstehende Adresse, Faxnummer oder E-Mail-Adresse des zust\u00e4ndigen Vertreters von<br>Vini Tonon Srlgesendet werden:<\/p>\n<p>Gesellschaftsname: Via Carpesica, 1 \u2013 31010 Carpesica di Vittorio Veneto (TV) \u2013 Italia<br>Gesch\u00e4fts- und Betriebssitz: Via Carpesica, 1 \u2013 31010 Carpesica di Vittorio Veneto (TV) \u2013 Italia<br>Phone: 0438920004 \u2013 Fax:<br>eM.&nbsp;<a href=\"mailto:info@vinitonon.com\">info@vinitonon.com<\/a><\/p>\t\t\t\t\t\t\t\t<\/div>\n\t\t\t\t<\/div>\n\t\t\t\t\t<\/div>\n\t\t<\/div>\n\t\t\t\t\t<\/div>\n\t\t<\/section>\n\t\t\t\t<\/div>\n\t\t","protected":false},"excerpt":{"rendered":"<p>GESELLSCHAFTSDATEN Gesellschaftsname: Vini Tonon SrlGesch\u00e4fts- und Betriebssitz: Via Carpesica, 1 \u2013 31010 Carpesica di Vittorio Veneto (TV) \u2013 ItaliaGesch\u00e4fts- und Betriebssitz: Via Carpesica, 1 \u2013 31010 Carpesica di Vittorio Veneto (TV) \u2013 ItaliaSteuernummer: 01163440264Umsatzsteuer-Identifikationsnummer: 01163440264 INFORMATIONSSCHRIFTEN UND EINWILLIGUNGEN DES UNTERNEHMENS Vini Tonon Srl Informationsschrift des Unternehmens zur Datenverarbeitung&nbsp;&nbsp;(http:\/\/www.camul.it\/de\/privacy)Einwilligung nach Aufkl\u00e4rung des Unternehmens \u00fcber die Datenverarbeitung&nbsp;(http:\/\/www.camul.it\/de\/cookies\/) [&hellip;]<\/p>\n","protected":false},"author":1,"featured_media":0,"parent":0,"menu_order":0,"comment_status":"closed","ping_status":"closed","template":"elementor_header_footer","meta":{"ocean_post_layout":"","ocean_both_sidebars_style":"","ocean_both_sidebars_content_width":0,"ocean_both_sidebars_sidebars_width":0,"ocean_sidebar":"0","ocean_second_sidebar":"0","ocean_disable_margins":"enable","ocean_add_body_class":"","ocean_shortcode_before_top_bar":"","ocean_shortcode_after_top_bar":"","ocean_shortcode_before_header":"","ocean_shortcode_after_header":"","ocean_has_shortcode":"","ocean_shortcode_after_title":"","ocean_shortcode_before_footer_widgets":"","ocean_shortcode_after_footer_widgets":"","ocean_shortcode_before_footer_bottom":"","ocean_shortcode_after_footer_bottom":"","ocean_display_top_bar":"default","ocean_display_header":"default","ocean_header_style":"","ocean_center_header_left_menu":"0","ocean_custom_header_template":"0","ocean_custom_logo":0,"ocean_custom_retina_logo":0,"ocean_custom_logo_max_width":0,"ocean_custom_logo_tablet_max_width":0,"ocean_custom_logo_mobile_max_width":0,"ocean_custom_logo_max_height":0,"ocean_custom_logo_tablet_max_height":0,"ocean_custom_logo_mobile_max_height":0,"ocean_header_custom_menu":"0","ocean_menu_typo_font_family":"0","ocean_menu_typo_font_subset":"","ocean_menu_typo_font_size":0,"ocean_menu_typo_font_size_tablet":0,"ocean_menu_typo_font_size_mobile":0,"ocean_menu_typo_font_size_unit":"px","ocean_menu_typo_font_weight":"","ocean_menu_typo_font_weight_tablet":"","ocean_menu_typo_font_weight_mobile":"","ocean_menu_typo_transform":"","ocean_menu_typo_transform_tablet":"","ocean_menu_typo_transform_mobile":"","ocean_menu_typo_line_height":0,"ocean_menu_typo_line_height_tablet":0,"ocean_menu_typo_line_height_mobile":0,"ocean_menu_typo_line_height_unit":"","ocean_menu_typo_spacing":0,"ocean_menu_typo_spacing_tablet":0,"ocean_menu_typo_spacing_mobile":0,"ocean_menu_typo_spacing_unit":"","ocean_menu_link_color":"","ocean_menu_link_color_hover":"","ocean_menu_link_color_active":"","ocean_menu_link_background":"","ocean_menu_link_hover_background":"","ocean_menu_link_active_background":"","ocean_menu_social_links_bg":"","ocean_menu_social_hover_links_bg":"","ocean_menu_social_links_color":"","ocean_menu_social_hover_links_color":"","ocean_disable_title":"on","ocean_disable_heading":"default","ocean_post_title":"","ocean_post_subheading":"","ocean_post_title_style":"","ocean_post_title_background_color":"","ocean_post_title_background":0,"ocean_post_title_bg_image_position":"","ocean_post_title_bg_image_attachment":"","ocean_post_title_bg_image_repeat":"","ocean_post_title_bg_image_size":"","ocean_post_title_height":0,"ocean_post_title_bg_overlay":0.5,"ocean_post_title_bg_overlay_color":"","ocean_disable_breadcrumbs":"default","ocean_breadcrumbs_color":"","ocean_breadcrumbs_separator_color":"","ocean_breadcrumbs_links_color":"","ocean_breadcrumbs_links_hover_color":"","ocean_display_footer_widgets":"default","ocean_display_footer_bottom":"default","ocean_custom_footer_template":"0","footnotes":""},"class_list":["post-668","page","type-page","status-publish","hentry","entry"],"yoast_head":"<!-- This site is optimized with the Yoast SEO plugin v27.3 - https:\/\/yoast.com\/product\/yoast-seo-wordpress\/ -->\n<title>Gesellschaftsdaten - Cam\u00fal<\/title>\n<meta name=\"robots\" content=\"index, follow, max-snippet:-1, max-image-preview:large, max-video-preview:-1\" \/>\n<link rel=\"canonical\" href=\"https:\/\/camulvini.com\/en\/legal-info\/\" \/>\n<meta property=\"og:locale\" content=\"de_DE\" \/>\n<meta property=\"og:type\" content=\"article\" \/>\n<meta property=\"og:title\" content=\"Gesellschaftsdaten - Cam\u00fal\" \/>\n<meta property=\"og:description\" content=\"GESELLSCHAFTSDATEN Gesellschaftsname: Vini Tonon SrlGesch\u00e4fts- und Betriebssitz: Via Carpesica, 1 \u2013 31010 Carpesica di Vittorio Veneto (TV) \u2013 ItaliaGesch\u00e4fts- und Betriebssitz: Via Carpesica, 1 \u2013 31010 Carpesica di Vittorio Veneto (TV) \u2013 ItaliaSteuernummer: 01163440264Umsatzsteuer-Identifikationsnummer: 01163440264 INFORMATIONSSCHRIFTEN UND EINWILLIGUNGEN DES UNTERNEHMENS Vini Tonon Srl Informationsschrift des Unternehmens zur Datenverarbeitung&nbsp;&nbsp;(http:\/\/www.camul.it\/de\/privacy)Einwilligung nach Aufkl\u00e4rung des Unternehmens \u00fcber die Datenverarbeitung&nbsp;(http:\/\/www.camul.it\/de\/cookies\/) [&hellip;]\" \/>\n<meta property=\"og:url\" content=\"https:\/\/camulvini.com\/en\/legal-info\/\" \/>\n<meta property=\"og:site_name\" content=\"Cam\u00fal\" \/>\n<meta property=\"article:modified_time\" content=\"2023-09-08T13:47:51+00:00\" \/>\n<meta name=\"twitter:card\" content=\"summary_large_image\" \/>\n<meta name=\"twitter:label1\" content=\"Gesch\u00e4tzte Lesezeit\" \/>\n\t<meta name=\"twitter:data1\" content=\"2\u00a0Minuten\" \/>\n<script type=\"application\/ld+json\" class=\"yoast-schema-graph\">{\"@context\":\"https:\\\/\\\/schema.org\",\"@graph\":[{\"@type\":\"WebPage\",\"@id\":\"https:\\\/\\\/camulvini.com\\\/en\\\/legal-info\\\/\",\"url\":\"https:\\\/\\\/camulvini.com\\\/en\\\/legal-info\\\/\",\"name\":\"Gesellschaftsdaten - Cam\u00fal\",\"isPartOf\":{\"@id\":\"https:\\\/\\\/camulvini.com\\\/#website\"},\"datePublished\":\"2019-03-13T16:17:34+00:00\",\"dateModified\":\"2023-09-08T13:47:51+00:00\",\"breadcrumb\":{\"@id\":\"https:\\\/\\\/camulvini.com\\\/en\\\/legal-info\\\/#breadcrumb\"},\"inLanguage\":\"de\",\"potentialAction\":[{\"@type\":\"ReadAction\",\"target\":[\"https:\\\/\\\/camulvini.com\\\/en\\\/legal-info\\\/\"]}]},{\"@type\":\"BreadcrumbList\",\"@id\":\"https:\\\/\\\/camulvini.com\\\/en\\\/legal-info\\\/#breadcrumb\",\"itemListElement\":[{\"@type\":\"ListItem\",\"position\":1,\"name\":\"Home\",\"item\":\"https:\\\/\\\/camulvini.com\\\/\"},{\"@type\":\"ListItem\",\"position\":2,\"name\":\"Gesellschaftsdaten\"}]},{\"@type\":\"WebSite\",\"@id\":\"https:\\\/\\\/camulvini.com\\\/#website\",\"url\":\"https:\\\/\\\/camulvini.com\\\/\",\"name\":\"Cam\u00fal\",\"description\":\"\",\"publisher\":{\"@id\":\"https:\\\/\\\/camulvini.com\\\/#organization\"},\"potentialAction\":[{\"@type\":\"SearchAction\",\"target\":{\"@type\":\"EntryPoint\",\"urlTemplate\":\"https:\\\/\\\/camulvini.com\\\/?s={search_term_string}\"},\"query-input\":{\"@type\":\"PropertyValueSpecification\",\"valueRequired\":true,\"valueName\":\"search_term_string\"}}],\"inLanguage\":\"de\"},{\"@type\":\"Organization\",\"@id\":\"https:\\\/\\\/camulvini.com\\\/#organization\",\"name\":\"Cam\u00fal\",\"url\":\"https:\\\/\\\/camulvini.com\\\/\",\"logo\":{\"@type\":\"ImageObject\",\"inLanguage\":\"de\",\"@id\":\"https:\\\/\\\/camulvini.com\\\/#\\\/schema\\\/logo\\\/image\\\/\",\"url\":\"https:\\\/\\\/camulvini.com\\\/wp-content\\\/uploads\\\/2019\\\/03\\\/cropped-logo.png\",\"contentUrl\":\"https:\\\/\\\/camulvini.com\\\/wp-content\\\/uploads\\\/2019\\\/03\\\/cropped-logo.png\",\"width\":239,\"height\":80,\"caption\":\"Cam\u00fal\"},\"image\":{\"@id\":\"https:\\\/\\\/camulvini.com\\\/#\\\/schema\\\/logo\\\/image\\\/\"}}]}<\/script>\n<!-- \/ Yoast SEO plugin. -->","yoast_head_json":{"title":"Gesellschaftsdaten - Cam\u00fal","robots":{"index":"index","follow":"follow","max-snippet":"max-snippet:-1","max-image-preview":"max-image-preview:large","max-video-preview":"max-video-preview:-1"},"canonical":"https:\/\/camulvini.com\/en\/legal-info\/","og_locale":"de_DE","og_type":"article","og_title":"Gesellschaftsdaten - Cam\u00fal","og_description":"GESELLSCHAFTSDATEN Gesellschaftsname: Vini Tonon SrlGesch\u00e4fts- und Betriebssitz: Via Carpesica, 1 \u2013 31010 Carpesica di Vittorio Veneto (TV) \u2013 ItaliaGesch\u00e4fts- und Betriebssitz: Via Carpesica, 1 \u2013 31010 Carpesica di Vittorio Veneto (TV) \u2013 ItaliaSteuernummer: 01163440264Umsatzsteuer-Identifikationsnummer: 01163440264 INFORMATIONSSCHRIFTEN UND EINWILLIGUNGEN DES UNTERNEHMENS Vini Tonon Srl Informationsschrift des Unternehmens zur Datenverarbeitung&nbsp;&nbsp;(http:\/\/www.camul.it\/de\/privacy)Einwilligung nach Aufkl\u00e4rung des Unternehmens \u00fcber die Datenverarbeitung&nbsp;(http:\/\/www.camul.it\/de\/cookies\/) [&hellip;]","og_url":"https:\/\/camulvini.com\/en\/legal-info\/","og_site_name":"Cam\u00fal","article_modified_time":"2023-09-08T13:47:51+00:00","twitter_card":"summary_large_image","twitter_misc":{"Gesch\u00e4tzte Lesezeit":"2\u00a0Minuten"},"schema":{"@context":"https:\/\/schema.org","@graph":[{"@type":"WebPage","@id":"https:\/\/camulvini.com\/en\/legal-info\/","url":"https:\/\/camulvini.com\/en\/legal-info\/","name":"Gesellschaftsdaten - Cam\u00fal","isPartOf":{"@id":"https:\/\/camulvini.com\/#website"},"datePublished":"2019-03-13T16:17:34+00:00","dateModified":"2023-09-08T13:47:51+00:00","breadcrumb":{"@id":"https:\/\/camulvini.com\/en\/legal-info\/#breadcrumb"},"inLanguage":"de","potentialAction":[{"@type":"ReadAction","target":["https:\/\/camulvini.com\/en\/legal-info\/"]}]},{"@type":"BreadcrumbList","@id":"https:\/\/camulvini.com\/en\/legal-info\/#breadcrumb","itemListElement":[{"@type":"ListItem","position":1,"name":"Home","item":"https:\/\/camulvini.com\/"},{"@type":"ListItem","position":2,"name":"Gesellschaftsdaten"}]},{"@type":"WebSite","@id":"https:\/\/camulvini.com\/#website","url":"https:\/\/camulvini.com\/","name":"Cam\u00fal","description":"","publisher":{"@id":"https:\/\/camulvini.com\/#organization"},"potentialAction":[{"@type":"SearchAction","target":{"@type":"EntryPoint","urlTemplate":"https:\/\/camulvini.com\/?s={search_term_string}"},"query-input":{"@type":"PropertyValueSpecification","valueRequired":true,"valueName":"search_term_string"}}],"inLanguage":"de"},{"@type":"Organization","@id":"https:\/\/camulvini.com\/#organization","name":"Cam\u00fal","url":"https:\/\/camulvini.com\/","logo":{"@type":"ImageObject","inLanguage":"de","@id":"https:\/\/camulvini.com\/#\/schema\/logo\/image\/","url":"https:\/\/camulvini.com\/wp-content\/uploads\/2019\/03\/cropped-logo.png","contentUrl":"https:\/\/camulvini.com\/wp-content\/uploads\/2019\/03\/cropped-logo.png","width":239,"height":80,"caption":"Cam\u00fal"},"image":{"@id":"https:\/\/camulvini.com\/#\/schema\/logo\/image\/"}}]}},"_links":{"self":[{"href":"https:\/\/camulvini.com\/de\/wp-json\/wp\/v2\/pages\/668","targetHints":{"allow":["GET"]}}],"collection":[{"href":"https:\/\/camulvini.com\/de\/wp-json\/wp\/v2\/pages"}],"about":[{"href":"https:\/\/camulvini.com\/de\/wp-json\/wp\/v2\/types\/page"}],"author":[{"embeddable":true,"href":"https:\/\/camulvini.com\/de\/wp-json\/wp\/v2\/users\/1"}],"replies":[{"embeddable":true,"href":"https:\/\/camulvini.com\/de\/wp-json\/wp\/v2\/comments?post=668"}],"version-history":[{"count":7,"href":"https:\/\/camulvini.com\/de\/wp-json\/wp\/v2\/pages\/668\/revisions"}],"predecessor-version":[{"id":4585,"href":"https:\/\/camulvini.com\/de\/wp-json\/wp\/v2\/pages\/668\/revisions\/4585"}],"wp:attachment":[{"href":"https:\/\/camulvini.com\/de\/wp-json\/wp\/v2\/media?parent=668"}],"curies":[{"name":"wp","href":"https:\/\/api.w.org\/{rel}","templated":true}]}}